{"id":4457,"date":"2025-10-04T20:17:50","date_gmt":"2025-10-04T20:17:50","guid":{"rendered":"https:\/\/zurich-shanghai2010.ch\/wp\/?page_id=4457"},"modified":"2025-10-18T20:07:17","modified_gmt":"2025-10-18T20:07:17","slug":"zaiman-ud","status":"publish","type":"page","link":"https:\/\/zurich-shanghai2010.ch\/?page_id=4457","title":{"rendered":"Zamiin-\u00dc\u00fcd"},"content":{"rendered":"\t\t<div data-elementor-type=\"wp-page\" data-elementor-id=\"4457\" class=\"elementor elementor-4457\" data-elementor-post-type=\"page\">\n\t\t\t\t\t\t<section class=\"elementor-section elementor-top-section elementor-element elementor-element-688267e5 elementor-section-boxed elementor-section-height-default elementor-section-height-default\" data-id=\"688267e5\" data-element_type=\"section\">\n\t\t\t\t\t\t<div class=\"elementor-container elementor-column-gap-default\">\n\t\t\t\t\t<div class=\"elementor-column elementor-col-100 elementor-top-column elementor-element elementor-element-4b09f948\" data-id=\"4b09f948\" data-element_type=\"column\">\n\t\t\t<div class=\"elementor-widget-wrap elementor-element-populated\">\n\t\t\t\t\t\t<div class=\"elementor-element elementor-element-47cf3e5 elementor-widget elementor-widget-text-editor\" data-id=\"47cf3e5\" data-element_type=\"widget\" data-widget_type=\"text-editor.default\">\n\t\t\t\t<div class=\"elementor-widget-container\">\n\t\t\t\t\t\t\t\t\t<p><strong>Eisenbahn\u00fcbergang zwischen der Mongolei und China<\/strong><\/p><p><strong>Eckdaten und touristische Highlights:<br \/><\/strong>Zamiin-\u00dc\u00fcd ist eine kleine Stadt im S\u00fcdosten der Mongolei im Dornogovi-Aimag, nur wenige Kilometer von der Grenze zu China entfernt, mit rund 11.500 Einwohnern. Die Stadt wurde vor allem durch ihre Lage an der Transmongolischen Eisenbahn bedeutend und ist der einzige internationale Eisenbahn\u00fcbergang zwischen der Mongolei und China. Dadurch fungiert Zamiin-\u00dc\u00fcd als wichtiges Tor f\u00fcr den Handel und den Warenverkehr zwischen beiden L\u00e4ndern und tr\u00e4gt zur wirtschaftlichen Entwicklung der Region bei. Obwohl die Stadt selbst keine klassischen touristischen Sehensw\u00fcrdigkeiten hat, bietet sie einen einzigartigen Einblick in das Leben an einem internationalen Grenz\u00fcbergang. Reisende nutzen sie h\u00e4ufig als Zwischenstopp auf der Route zwischen Peking und Ulaanbaatar. Die N\u00e4he zur W\u00fcste Gobi und anderen Naturattraktionen macht die Stadt zudem zu einem Ausgangspunkt f\u00fcr Entdeckungstouren in die Mongolei. Zamiin-\u00dc\u00fcd verbindet Handel, Kultur und Natur und zeigt auf besondere Weise das Leben an einem zentralen Knotenpunkt im Land.<\/p><p><strong>Erlebnisse:<br \/><\/strong>Wir hatten aufgrund von extremen Temperaturen in Sainschand den Zug an die Grenzstadt zu China genommen. Eine Weiterfahrt w\u00e4re zu gef\u00e4hrlich gewesen. Nach dem Grenz\u00fcbertritt suchen wir uns in der N\u00e4he ein einfaches Hotel und gehen einkaufen. Nun ist alles in Chinesisch angeschrieben und Matt steht als Dolmetscher nicht mehr zur Verf\u00fcgung.<\/p>\t\t\t\t\t\t\t\t<\/div>\n\t\t\t\t<\/div>\n\t\t\t\t\t<\/div>\n\t\t<\/div>\n\t\t\t\t\t<\/div>\n\t\t<\/section>\n\t\t\t\t<\/div>\n\t\t","protected":false},"excerpt":{"rendered":"<p>Eisenbahn\u00fcbergang zwischen der Mongolei und China Eckdaten und touristische Highlights:Zamiin-\u00dc\u00fcd ist eine kleine Stadt im S\u00fcdosten der Mongolei im Dornogovi-Aimag, nur wenige Kilometer von der Grenze zu China entfernt, mit rund 11.500 Einwohnern. Die Stadt wurde vor allem durch ihre Lage an der Transmongolischen Eisenbahn bedeutend und ist der einzige internationale Eisenbahn\u00fcbergang zwischen der Mongolei &hellip; <\/p>\n<p class=\"link-more\"><a href=\"https:\/\/zurich-shanghai2010.ch\/?page_id=4457\" class=\"more-link\">Mehr <span class=\"screen-reader-text\">\u00fcber &#8222;Zamiin-\u00dc\u00fcd&#8220; <\/span>Lesen<\/a><\/p>\n","protected":false},"author":1,"featured_media":0,"parent":0,"menu_order":0,"comment_status":"closed","ping_status":"closed","template":"","meta":{"footnotes":""},"class_list":["post-4457","page","type-page","status-publish","hentry"],"_links":{"self":[{"href":"https:\/\/zurich-shanghai2010.ch\/index.php?rest_route=\/wp\/v2\/pages\/4457","targetHints":{"allow":["GET"]}}],"collection":[{"href":"https:\/\/zurich-shanghai2010.ch\/index.php?rest_route=\/wp\/v2\/pages"}],"about":[{"href":"https:\/\/zurich-shanghai2010.ch\/index.php?rest_route=\/wp\/v2\/types\/page"}],"author":[{"embeddable":true,"href":"https:\/\/zurich-shanghai2010.ch\/index.php?rest_route=\/wp\/v2\/users\/1"}],"replies":[{"embeddable":true,"href":"https:\/\/zurich-shanghai2010.ch\/index.php?rest_route=%2Fwp%2Fv2%2Fcomments&post=4457"}],"version-history":[{"count":7,"href":"https:\/\/zurich-shanghai2010.ch\/index.php?rest_route=\/wp\/v2\/pages\/4457\/revisions"}],"predecessor-version":[{"id":5246,"href":"https:\/\/zurich-shanghai2010.ch\/index.php?rest_route=\/wp\/v2\/pages\/4457\/revisions\/5246"}],"wp:attachment":[{"href":"https:\/\/zurich-shanghai2010.ch\/index.php?rest_route=%2Fwp%2Fv2%2Fmedia&parent=4457"}],"curies":[{"name":"wp","href":"https:\/\/api.w.org\/{rel}","templated":true}]}}