{"id":4448,"date":"2025-10-04T20:14:27","date_gmt":"2025-10-04T20:14:27","guid":{"rendered":"https:\/\/zurich-shanghai2010.ch\/wp\/?page_id=4448"},"modified":"2025-10-18T20:05:03","modified_gmt":"2025-10-18T20:05:03","slug":"ulan-bator","status":"publish","type":"page","link":"https:\/\/zurich-shanghai2010.ch\/?page_id=4448","title":{"rendered":"Ulan Bator"},"content":{"rendered":"\t\t<div data-elementor-type=\"wp-page\" data-elementor-id=\"4448\" class=\"elementor elementor-4448\" data-elementor-post-type=\"page\">\n\t\t\t\t\t\t<section class=\"elementor-section elementor-top-section elementor-element elementor-element-7e3e348c elementor-section-boxed elementor-section-height-default elementor-section-height-default\" data-id=\"7e3e348c\" data-element_type=\"section\">\n\t\t\t\t\t\t<div class=\"elementor-container elementor-column-gap-default\">\n\t\t\t\t\t<div class=\"elementor-column elementor-col-100 elementor-top-column elementor-element elementor-element-1192db48\" data-id=\"1192db48\" data-element_type=\"column\">\n\t\t\t<div class=\"elementor-widget-wrap elementor-element-populated\">\n\t\t\t\t\t\t<div class=\"elementor-element elementor-element-6244072 elementor-widget elementor-widget-text-editor\" data-id=\"6244072\" data-element_type=\"widget\" data-widget_type=\"text-editor.default\">\n\t\t\t\t<div class=\"elementor-widget-container\">\n\t\t\t\t\t\t\t\t\t<p><strong>Das Herz der Mongolei<\/strong><\/p><p><strong>Eckdaten und touristische Highlights:<br \/><\/strong>Ulan Bator, die Hauptstadt der Mongolei, liegt im Norden des Landes am Zusammenfluss von Tuul- und Selbe-Fluss und z\u00e4hlt rund 1,5 Millionen Einwohner. Gegr\u00fcndet wurde die Stadt 1639 als mobiles Klosterlager und entwickelte sich im 20. Jahrhundert zur st\u00e4ndigen Hauptstadt. Heute ist Ulan Bator das politische, wirtschaftliche und kulturelle Zentrum der Mongolei. Zu den wichtigsten Sehensw\u00fcrdigkeiten geh\u00f6ren das Gandan-Kloster, das Nationalmuseum, das Parlamentsgeb\u00e4ude und der Sukhbaatar-Platz. Die moderne Skyline mit Hochh\u00e4usern und Einkaufszentren kontrastiert mit den traditionellen Jurten (Gers) im Umland. Naturliebhaber k\u00f6nnen die nahegelegenen Bogd-Khan-Berge und den Terelj-Nationalpark besuchen. Die Stadt verbindet Tradition und Moderne, buddhistische Spiritualit\u00e4t und st\u00e4dtisches Leben und bietet einen eindrucksvollen Einblick in die Kultur, Geschichte und Natur der Mongolei.<\/p><p><strong>Erlebnisse:<br \/><\/strong>Wir treffen fr\u00fch in der Hauptstadt der Mongolei ein. Ein Rennradfahrer f\u00e4hrt uns ins Stadtzentrum zum Suchbaatar-Platz, wo sich vor dem Parlamentsgeb\u00e4ude eine riesige Statue von Tschingis Khan befindet. Bis zu unserer R\u00fcckreise besichtigen wir diverse Tempel und historische Geb\u00e4ude. Das Highlight ist aber definitiv der Besuch des SOS-Kinderdorfes.<\/p>\t\t\t\t\t\t\t\t<\/div>\n\t\t\t\t<\/div>\n\t\t\t\t\t<\/div>\n\t\t<\/div>\n\t\t\t\t\t<\/div>\n\t\t<\/section>\n\t\t\t\t<\/div>\n\t\t","protected":false},"excerpt":{"rendered":"<p>Das Herz der Mongolei Eckdaten und touristische Highlights:Ulan Bator, die Hauptstadt der Mongolei, liegt im Norden des Landes am Zusammenfluss von Tuul- und Selbe-Fluss und z\u00e4hlt rund 1,5 Millionen Einwohner. Gegr\u00fcndet wurde die Stadt 1639 als mobiles Klosterlager und entwickelte sich im 20. Jahrhundert zur st\u00e4ndigen Hauptstadt. Heute ist Ulan Bator das politische, wirtschaftliche und &hellip; <\/p>\n<p class=\"link-more\"><a href=\"https:\/\/zurich-shanghai2010.ch\/?page_id=4448\" class=\"more-link\">Mehr <span class=\"screen-reader-text\">\u00fcber &#8222;Ulan Bator&#8220; <\/span>Lesen<\/a><\/p>\n","protected":false},"author":1,"featured_media":0,"parent":0,"menu_order":0,"comment_status":"closed","ping_status":"closed","template":"","meta":{"footnotes":""},"class_list":["post-4448","page","type-page","status-publish","hentry"],"_links":{"self":[{"href":"https:\/\/zurich-shanghai2010.ch\/index.php?rest_route=\/wp\/v2\/pages\/4448","targetHints":{"allow":["GET"]}}],"collection":[{"href":"https:\/\/zurich-shanghai2010.ch\/index.php?rest_route=\/wp\/v2\/pages"}],"about":[{"href":"https:\/\/zurich-shanghai2010.ch\/index.php?rest_route=\/wp\/v2\/types\/page"}],"author":[{"embeddable":true,"href":"https:\/\/zurich-shanghai2010.ch\/index.php?rest_route=\/wp\/v2\/users\/1"}],"replies":[{"embeddable":true,"href":"https:\/\/zurich-shanghai2010.ch\/index.php?rest_route=%2Fwp%2Fv2%2Fcomments&post=4448"}],"version-history":[{"count":6,"href":"https:\/\/zurich-shanghai2010.ch\/index.php?rest_route=\/wp\/v2\/pages\/4448\/revisions"}],"predecessor-version":[{"id":5242,"href":"https:\/\/zurich-shanghai2010.ch\/index.php?rest_route=\/wp\/v2\/pages\/4448\/revisions\/5242"}],"wp:attachment":[{"href":"https:\/\/zurich-shanghai2010.ch\/index.php?rest_route=%2Fwp%2Fv2%2Fmedia&parent=4448"}],"curies":[{"name":"wp","href":"https:\/\/api.w.org\/{rel}","templated":true}]}}