{"id":4438,"date":"2025-10-04T20:12:20","date_gmt":"2025-10-04T20:12:20","guid":{"rendered":"https:\/\/zurich-shanghai2010.ch\/wp\/?page_id=4438"},"modified":"2025-10-18T20:01:23","modified_gmt":"2025-10-18T20:01:23","slug":"krasnojarsk","status":"publish","type":"page","link":"https:\/\/zurich-shanghai2010.ch\/?page_id=4438","title":{"rendered":"Krasnojarsk"},"content":{"rendered":"\t\t<div data-elementor-type=\"wp-page\" data-elementor-id=\"4438\" class=\"elementor elementor-4438\" data-elementor-post-type=\"page\">\n\t\t\t\t\t\t<section class=\"elementor-section elementor-top-section elementor-element elementor-element-74fd0e74 elementor-section-boxed elementor-section-height-default elementor-section-height-default\" data-id=\"74fd0e74\" data-element_type=\"section\">\n\t\t\t\t\t\t<div class=\"elementor-container elementor-column-gap-default\">\n\t\t\t\t\t<div class=\"elementor-column elementor-col-100 elementor-top-column elementor-element elementor-element-4458e4b3\" data-id=\"4458e4b3\" data-element_type=\"column\">\n\t\t\t<div class=\"elementor-widget-wrap elementor-element-populated\">\n\t\t\t\t\t\t<div class=\"elementor-element elementor-element-fb0b4b5 elementor-widget elementor-widget-text-editor\" data-id=\"fb0b4b5\" data-element_type=\"widget\" data-widget_type=\"text-editor.default\">\n\t\t\t\t<div class=\"elementor-widget-container\">\n\t\t\t\t\t\t\t\t\t<p><strong>Das kulturelle und nat\u00fcrliche Juwel Sibiriens<\/strong><\/p><p><strong>Eckdaten und touristische Highlights:<br \/><\/strong>Krasnojarsk, die drittgr\u00f6\u00dfte Stadt Sibiriens, liegt am Ufer des Jenissei und z\u00e4hlt rund 1,1 Millionen Einwohner. Gegr\u00fcndet wurde sie 1628 als Grenzfestung zur Sicherung der russischen Expansion nach Osten und entwickelte sich im Laufe der Jahrhunderte zu einem wichtigen Industrie- und Handelszentrum, insbesondere f\u00fcr Aluminium und Metallverarbeitung. Die Stadt ist heute ein bedeutendes wirtschaftliches, kulturelles und wissenschaftliches Zentrum der Region. Zu den bekanntesten Sehensw\u00fcrdigkeiten z\u00e4hlen die Transfiguration-Kathedrale, die Stroganov-Villa und die Krasnojarsker Eiserne Br\u00fccke. Naturliebhaber finden im nahegelegenen Stolby-Naturreservat spektakul\u00e4re Felsformationen zum Wandern und Klettern. Die Jenissei-Uferpromenade, regionale Museen und ein lebendiges Stadtzentrum mit Caf\u00e9s und M\u00e4rkten laden zu Spazierg\u00e4ngen und kulturellen Erlebnissen ein. Krasnojarsk verbindet auf einzigartige Weise Geschichte, Industrie und beeindruckende Natur und bietet Besuchern einen vielseitigen Einblick in das sibirische Leben.<\/p><p><strong>Erlebnisse:<br \/><\/strong>Wir brauchen eine Weile bis wir das Hotel finden. Die Stadt ist sehr gross. Nachdem wir umgezogen und geduscht sind, geht es raus auf den Platz vor unserer Unterkunft. \u00dcberall tanzen junge Menschen zu Livemusik. Die Stimmung ist ausgelassen und alle sind fr\u00f6hlich und feiern.<\/p>\t\t\t\t\t\t\t\t<\/div>\n\t\t\t\t<\/div>\n\t\t\t\t\t<\/div>\n\t\t<\/div>\n\t\t\t\t\t<\/div>\n\t\t<\/section>\n\t\t\t\t<\/div>\n\t\t","protected":false},"excerpt":{"rendered":"<p>Das kulturelle und nat\u00fcrliche Juwel Sibiriens Eckdaten und touristische Highlights:Krasnojarsk, die drittgr\u00f6\u00dfte Stadt Sibiriens, liegt am Ufer des Jenissei und z\u00e4hlt rund 1,1 Millionen Einwohner. Gegr\u00fcndet wurde sie 1628 als Grenzfestung zur Sicherung der russischen Expansion nach Osten und entwickelte sich im Laufe der Jahrhunderte zu einem wichtigen Industrie- und Handelszentrum, insbesondere f\u00fcr Aluminium und &hellip; <\/p>\n<p class=\"link-more\"><a href=\"https:\/\/zurich-shanghai2010.ch\/?page_id=4438\" class=\"more-link\">Mehr <span class=\"screen-reader-text\">\u00fcber &#8222;Krasnojarsk&#8220; <\/span>Lesen<\/a><\/p>\n","protected":false},"author":1,"featured_media":0,"parent":0,"menu_order":0,"comment_status":"closed","ping_status":"closed","template":"","meta":{"footnotes":""},"class_list":["post-4438","page","type-page","status-publish","hentry"],"_links":{"self":[{"href":"https:\/\/zurich-shanghai2010.ch\/index.php?rest_route=\/wp\/v2\/pages\/4438","targetHints":{"allow":["GET"]}}],"collection":[{"href":"https:\/\/zurich-shanghai2010.ch\/index.php?rest_route=\/wp\/v2\/pages"}],"about":[{"href":"https:\/\/zurich-shanghai2010.ch\/index.php?rest_route=\/wp\/v2\/types\/page"}],"author":[{"embeddable":true,"href":"https:\/\/zurich-shanghai2010.ch\/index.php?rest_route=\/wp\/v2\/users\/1"}],"replies":[{"embeddable":true,"href":"https:\/\/zurich-shanghai2010.ch\/index.php?rest_route=%2Fwp%2Fv2%2Fcomments&post=4438"}],"version-history":[{"count":6,"href":"https:\/\/zurich-shanghai2010.ch\/index.php?rest_route=\/wp\/v2\/pages\/4438\/revisions"}],"predecessor-version":[{"id":5236,"href":"https:\/\/zurich-shanghai2010.ch\/index.php?rest_route=\/wp\/v2\/pages\/4438\/revisions\/5236"}],"wp:attachment":[{"href":"https:\/\/zurich-shanghai2010.ch\/index.php?rest_route=%2Fwp%2Fv2%2Fmedia&parent=4438"}],"curies":[{"name":"wp","href":"https:\/\/api.w.org\/{rel}","templated":true}]}}