{"id":4428,"date":"2025-10-04T20:08:54","date_gmt":"2025-10-04T20:08:54","guid":{"rendered":"https:\/\/zurich-shanghai2010.ch\/wp\/?page_id=4428"},"modified":"2025-10-18T19:59:57","modified_gmt":"2025-10-18T19:59:57","slug":"novosibirsk","status":"publish","type":"page","link":"https:\/\/zurich-shanghai2010.ch\/?page_id=4428","title":{"rendered":"Novosibirsk"},"content":{"rendered":"\t\t<div data-elementor-type=\"wp-page\" data-elementor-id=\"4428\" class=\"elementor elementor-4428\" data-elementor-post-type=\"page\">\n\t\t\t\t\t\t<section class=\"elementor-section elementor-top-section elementor-element elementor-element-4f1981a4 elementor-section-boxed elementor-section-height-default elementor-section-height-default\" data-id=\"4f1981a4\" data-element_type=\"section\">\n\t\t\t\t\t\t<div class=\"elementor-container elementor-column-gap-default\">\n\t\t\t\t\t<div class=\"elementor-column elementor-col-100 elementor-top-column elementor-element elementor-element-498c9ba2\" data-id=\"498c9ba2\" data-element_type=\"column\">\n\t\t\t<div class=\"elementor-widget-wrap elementor-element-populated\">\n\t\t\t\t\t\t<div class=\"elementor-element elementor-element-933c478 elementor-widget elementor-widget-text-editor\" data-id=\"933c478\" data-element_type=\"widget\" data-widget_type=\"text-editor.default\">\n\t\t\t\t<div class=\"elementor-widget-container\">\n\t\t\t\t\t\t\t\t\t<p><strong>Das wirtschaftliche Herz Sibiriens<\/strong><\/p><p><strong>Eckdaten und touristische Highlights:<br \/><\/strong>Novosibirsk, die drittgr\u00f6\u00dfte Stadt Russlands, liegt am Fluss Ob in S\u00fcdwest-Sibirien und z\u00e4hlt rund 1,6 Millionen Einwohner. Gegr\u00fcndet wurde die Stadt 1893 im Zuge des Baus der Transsibirischen Eisenbahn und entwickelte sich schnell zu einem wichtigen Verkehrsknotenpunkt und Handelszentrum. W\u00e4hrend der Sowjetzeit wuchs Novosibirsk zu einem bedeutenden Zentrum f\u00fcr Industrie, Wissenschaft und Bildung heran. Zu den wichtigsten Sehensw\u00fcrdigkeiten z\u00e4hlen die Alexander-Newski-Kathedrale, das Novosibirsker Opern- und Balletttheater sowie die Ob-Uferpromenade, die zum Spazieren und Entspannen einl\u00e4dt. Das Akademgorodok mit seinen Universit\u00e4ten und Forschungsinstituten zeigt die wissenschaftliche Bedeutung der Stadt. Weitere Highlights sind der Zoo von Novosibirsk und moderne Einkaufs- und Kulturzentren im Stadtzentrum. Die Stadt vereint historische Architektur, sowjetisches Erbe und moderne Entwicklungen, bietet eine lebendige Kulturszene und gilt als Tor zu den Weiten Sibiriens.<\/p><p><strong>Erlebnisse:<br \/><\/strong>Am Stadtrand von Novosibirsk wartet Dmitrii und seine Tochter Maria in einem \u00fcberdimensionalem Hummer Auto auf uns und weist uns den Weg in das Stadtzentrum. Neben der Oper vor dem Lenindenkmal machen wir Fotos. Grazi liefern wir ins Spital ein. Die Rega wird bez\u00fcglich Transports in die Schweiz angefragt. Sie haben jedoch keine Kapazit\u00e4t. Grazi wird umgehend operiert. Sein Spitalnachbar ist der Gewerkschaftspr\u00e4sident der russischen Eisenbahn. Ihnen wird als Mahlzeit einen undefinierbaren Brei vorgesetzt, w\u00e4hrend Beat und Matt in einem luxuri\u00f6sen Restaurant verk\u00f6stigt werden.<\/p>\t\t\t\t\t\t\t\t<\/div>\n\t\t\t\t<\/div>\n\t\t\t\t\t<\/div>\n\t\t<\/div>\n\t\t\t\t\t<\/div>\n\t\t<\/section>\n\t\t\t\t<\/div>\n\t\t","protected":false},"excerpt":{"rendered":"<p>Das wirtschaftliche Herz Sibiriens Eckdaten und touristische Highlights:Novosibirsk, die drittgr\u00f6\u00dfte Stadt Russlands, liegt am Fluss Ob in S\u00fcdwest-Sibirien und z\u00e4hlt rund 1,6 Millionen Einwohner. Gegr\u00fcndet wurde die Stadt 1893 im Zuge des Baus der Transsibirischen Eisenbahn und entwickelte sich schnell zu einem wichtigen Verkehrsknotenpunkt und Handelszentrum. W\u00e4hrend der Sowjetzeit wuchs Novosibirsk zu einem bedeutenden Zentrum &hellip; <\/p>\n<p class=\"link-more\"><a href=\"https:\/\/zurich-shanghai2010.ch\/?page_id=4428\" class=\"more-link\">Mehr <span class=\"screen-reader-text\">\u00fcber &#8222;Novosibirsk&#8220; <\/span>Lesen<\/a><\/p>\n","protected":false},"author":1,"featured_media":0,"parent":0,"menu_order":0,"comment_status":"closed","ping_status":"closed","template":"","meta":{"footnotes":""},"class_list":["post-4428","page","type-page","status-publish","hentry"],"_links":{"self":[{"href":"https:\/\/zurich-shanghai2010.ch\/index.php?rest_route=\/wp\/v2\/pages\/4428","targetHints":{"allow":["GET"]}}],"collection":[{"href":"https:\/\/zurich-shanghai2010.ch\/index.php?rest_route=\/wp\/v2\/pages"}],"about":[{"href":"https:\/\/zurich-shanghai2010.ch\/index.php?rest_route=\/wp\/v2\/types\/page"}],"author":[{"embeddable":true,"href":"https:\/\/zurich-shanghai2010.ch\/index.php?rest_route=\/wp\/v2\/users\/1"}],"replies":[{"embeddable":true,"href":"https:\/\/zurich-shanghai2010.ch\/index.php?rest_route=%2Fwp%2Fv2%2Fcomments&post=4428"}],"version-history":[{"count":6,"href":"https:\/\/zurich-shanghai2010.ch\/index.php?rest_route=\/wp\/v2\/pages\/4428\/revisions"}],"predecessor-version":[{"id":5233,"href":"https:\/\/zurich-shanghai2010.ch\/index.php?rest_route=\/wp\/v2\/pages\/4428\/revisions\/5233"}],"wp:attachment":[{"href":"https:\/\/zurich-shanghai2010.ch\/index.php?rest_route=%2Fwp%2Fv2%2Fmedia&parent=4428"}],"curies":[{"name":"wp","href":"https:\/\/api.w.org\/{rel}","templated":true}]}}