{"id":4423,"date":"2025-10-04T20:07:10","date_gmt":"2025-10-04T20:07:10","guid":{"rendered":"https:\/\/zurich-shanghai2010.ch\/wp\/?page_id=4423"},"modified":"2025-10-18T19:58:16","modified_gmt":"2025-10-18T19:58:16","slug":"petropavlovsk","status":"publish","type":"page","link":"https:\/\/zurich-shanghai2010.ch\/?page_id=4423","title":{"rendered":"Petropavlovsk"},"content":{"rendered":"\t\t<div data-elementor-type=\"wp-page\" data-elementor-id=\"4423\" class=\"elementor elementor-4423\" data-elementor-post-type=\"page\">\n\t\t\t\t\t\t<section class=\"elementor-section elementor-top-section elementor-element elementor-element-36e1e568 elementor-section-boxed elementor-section-height-default elementor-section-height-default\" data-id=\"36e1e568\" data-element_type=\"section\">\n\t\t\t\t\t\t<div class=\"elementor-container elementor-column-gap-default\">\n\t\t\t\t\t<div class=\"elementor-column elementor-col-100 elementor-top-column elementor-element elementor-element-53f7e3c9\" data-id=\"53f7e3c9\" data-element_type=\"column\">\n\t\t\t<div class=\"elementor-widget-wrap elementor-element-populated\">\n\t\t\t\t\t\t<div class=\"elementor-element elementor-element-a34c8eb elementor-widget elementor-widget-text-editor\" data-id=\"a34c8eb\" data-element_type=\"widget\" data-widget_type=\"text-editor.default\">\n\t\t\t\t<div class=\"elementor-widget-container\">\n\t\t\t\t\t\t\t\t\t<p><strong>Das Tor zum Norden Kasachstans<\/strong><\/p><p><strong>Eckdaten und touristische Highlights:<br \/><\/strong>Petropawlowsk, die Hauptstadt der Nordkasachischen Region, liegt nahe der russischen Grenze und z\u00e4hlt etwa 220.000 Einwohner. Gegr\u00fcndet wurde die Stadt 1752 als russische Grenzfestung zur Sicherung der Handelsrouten zwischen Sibirien und Zentralasien. Mit dem Anschluss an die Transsibirische Eisenbahn entwickelte sich Petropawlowsk zu einem wichtigen Handels- und Verkehrszentrum. Kulturell ist die Stadt stark vom russischen Einfluss gepr\u00e4gt, sichtbar in orthodoxen Kirchen, klassizistischer Architektur und historischen Geb\u00e4uden. Zu den bekanntesten Sehensw\u00fcrdigkeiten z\u00e4hlen die Kathedrale der Heiligen Apostel Peter und Paul, das Regionalmuseum sowie der Ishim-Fluss, der sich malerisch durch die Stadt zieht. Parks, Denkm\u00e4ler und das historische Zentrum laden zum Spaziergang ein, w\u00e4hrend die Umgebung mit W\u00e4ldern, Seen und dem K\u00f6kchetau-Nationalpark Naturliebhaber anzieht. Petropawlowsk vereint auf besondere Weise Tradition, Geschichte, Kultur und Natur und gilt als bedeutendes Verwaltungs- und Wirtschaftscentrum im Norden Kasachstans.<\/p><p><strong>Erlebnisse:<br \/><\/strong>Nach der Ankunft im Hotel Skif beginnt Grazi mit der Behandlung seines Beines. Er hat abends stark Fieber. Beat und Matt zieht es in den Ausgang. Vor einer Disco ist der T\u00fcrsteher so beeindruckt von unserer Reise, dass er uns umgehend Einlass gew\u00e4hrt.<\/p>\t\t\t\t\t\t\t\t<\/div>\n\t\t\t\t<\/div>\n\t\t\t\t\t<\/div>\n\t\t<\/div>\n\t\t\t\t\t<\/div>\n\t\t<\/section>\n\t\t\t\t<\/div>\n\t\t","protected":false},"excerpt":{"rendered":"<p>Das Tor zum Norden Kasachstans Eckdaten und touristische Highlights:Petropawlowsk, die Hauptstadt der Nordkasachischen Region, liegt nahe der russischen Grenze und z\u00e4hlt etwa 220.000 Einwohner. Gegr\u00fcndet wurde die Stadt 1752 als russische Grenzfestung zur Sicherung der Handelsrouten zwischen Sibirien und Zentralasien. Mit dem Anschluss an die Transsibirische Eisenbahn entwickelte sich Petropawlowsk zu einem wichtigen Handels- und &hellip; <\/p>\n<p class=\"link-more\"><a href=\"https:\/\/zurich-shanghai2010.ch\/?page_id=4423\" class=\"more-link\">Mehr <span class=\"screen-reader-text\">\u00fcber &#8222;Petropavlovsk&#8220; <\/span>Lesen<\/a><\/p>\n","protected":false},"author":1,"featured_media":0,"parent":0,"menu_order":0,"comment_status":"closed","ping_status":"closed","template":"","meta":{"footnotes":""},"class_list":["post-4423","page","type-page","status-publish","hentry"],"_links":{"self":[{"href":"https:\/\/zurich-shanghai2010.ch\/index.php?rest_route=\/wp\/v2\/pages\/4423","targetHints":{"allow":["GET"]}}],"collection":[{"href":"https:\/\/zurich-shanghai2010.ch\/index.php?rest_route=\/wp\/v2\/pages"}],"about":[{"href":"https:\/\/zurich-shanghai2010.ch\/index.php?rest_route=\/wp\/v2\/types\/page"}],"author":[{"embeddable":true,"href":"https:\/\/zurich-shanghai2010.ch\/index.php?rest_route=\/wp\/v2\/users\/1"}],"replies":[{"embeddable":true,"href":"https:\/\/zurich-shanghai2010.ch\/index.php?rest_route=%2Fwp%2Fv2%2Fcomments&post=4423"}],"version-history":[{"count":6,"href":"https:\/\/zurich-shanghai2010.ch\/index.php?rest_route=\/wp\/v2\/pages\/4423\/revisions"}],"predecessor-version":[{"id":5230,"href":"https:\/\/zurich-shanghai2010.ch\/index.php?rest_route=\/wp\/v2\/pages\/4423\/revisions\/5230"}],"wp:attachment":[{"href":"https:\/\/zurich-shanghai2010.ch\/index.php?rest_route=%2Fwp%2Fv2%2Fmedia&parent=4423"}],"curies":[{"name":"wp","href":"https:\/\/api.w.org\/{rel}","templated":true}]}}