{"id":4417,"date":"2025-10-04T20:06:25","date_gmt":"2025-10-04T20:06:25","guid":{"rendered":"https:\/\/zurich-shanghai2010.ch\/wp\/?page_id=4417"},"modified":"2025-10-18T19:56:56","modified_gmt":"2025-10-18T19:56:56","slug":"cheliabinsk","status":"publish","type":"page","link":"https:\/\/zurich-shanghai2010.ch\/?page_id=4417","title":{"rendered":"Tscheljabinsk"},"content":{"rendered":"\t\t<div data-elementor-type=\"wp-page\" data-elementor-id=\"4417\" class=\"elementor elementor-4417\" data-elementor-post-type=\"page\">\n\t\t\t\t\t\t<section class=\"elementor-section elementor-top-section elementor-element elementor-element-6862b6c2 elementor-section-boxed elementor-section-height-default elementor-section-height-default\" data-id=\"6862b6c2\" data-element_type=\"section\">\n\t\t\t\t\t\t<div class=\"elementor-container elementor-column-gap-default\">\n\t\t\t\t\t<div class=\"elementor-column elementor-col-100 elementor-top-column elementor-element elementor-element-4c9700d5\" data-id=\"4c9700d5\" data-element_type=\"column\">\n\t\t\t<div class=\"elementor-widget-wrap elementor-element-populated\">\n\t\t\t\t\t\t<div class=\"elementor-element elementor-element-d035aec elementor-widget elementor-widget-text-editor\" data-id=\"d035aec\" data-element_type=\"widget\" data-widget_type=\"text-editor.default\">\n\t\t\t\t<div class=\"elementor-widget-container\">\n\t\t\t\t\t\t\t\t\t<p><strong>Industriestadt am Rande des Urals<\/strong><\/p><p><strong>Eckdaten und touristische Highlights:<br \/><\/strong>Tscheljabinsk liegt am Rande des Urals und z\u00e4hlt mit rund 1,1 Millionen Einwohnern zu den gr\u00f6\u00dften St\u00e4dten Russlands. Die Stadt wurde 1736 als Festung gegr\u00fcndet und entwickelte sich mit dem Bau der Transsibirischen Eisenbahn im 19. Jahrhundert zu einem wichtigen Handels- und Industriezentrum. W\u00e4hrend des Zweiten Weltkriegs wurde Tscheljabinsk als \u201eTankograd\u201c bekannt, da hier ein Gro\u00dfteil der sowjetischen Panzerproduktion stattfand. Heute pr\u00e4sentiert sich die Stadt als moderne Industriemetropole mit wachsendem kulturellem Leben.<br \/>Zu den Sehensw\u00fcrdigkeiten z\u00e4hlen die belebte Karl-Marx-Strasse mit ihren Skulpturen und Caf\u00e9s, der imposante Revolutionsplatz sowie das Geschichts- und Kunstmuseum, die Einblicke in die bewegte Vergangenheit geben. Naturfreunde finden in der Umgebung beeindruckende Landschaften, etwa im Nationalpark Sjuratkul oder am Miusser See. Weltweite Aufmerksamkeit erhielt Tscheljabinsk durch den spektakul\u00e4ren Meteoritenfall von 2013, der \u00fcber der Stadt stattfand. Mit ihrer Mischung aus Industrie, Geschichte und Natur steht Tscheljabinsk sinnbildlich f\u00fcr die Kraft und Wandlungsf\u00e4higkeit des russischen Urals.<\/p><p><strong>Erlebnisse:<br \/><\/strong>Neben dem Hotel geniessen wir einen feinen Schaschlik und warten auf unseren Masseur. Sein Name ist Konstantin. Er weist uns daraufhin, dass er schon die Eishockeyspieler der russischen Nationalmannschaft massiert habe. Wir ahnen nichts Gutes und alle drei werden derart stark durchgeknetet, dass wir uns am Schluss mit schmerzverzerrtem Gesicht gleich hinlegen m\u00fcssen. Er bleibt uns als Konstantin &#8218;die eiserne Hand&#8216; in bester Erinnerung.<\/p>\t\t\t\t\t\t\t\t<\/div>\n\t\t\t\t<\/div>\n\t\t\t\t\t<\/div>\n\t\t<\/div>\n\t\t\t\t\t<\/div>\n\t\t<\/section>\n\t\t\t\t<\/div>\n\t\t","protected":false},"excerpt":{"rendered":"<p>Industriestadt am Rande des Urals Eckdaten und touristische Highlights:Tscheljabinsk liegt am Rande des Urals und z\u00e4hlt mit rund 1,1 Millionen Einwohnern zu den gr\u00f6\u00dften St\u00e4dten Russlands. Die Stadt wurde 1736 als Festung gegr\u00fcndet und entwickelte sich mit dem Bau der Transsibirischen Eisenbahn im 19. Jahrhundert zu einem wichtigen Handels- und Industriezentrum. W\u00e4hrend des Zweiten Weltkriegs &hellip; <\/p>\n<p class=\"link-more\"><a href=\"https:\/\/zurich-shanghai2010.ch\/?page_id=4417\" class=\"more-link\">Mehr <span class=\"screen-reader-text\">\u00fcber &#8222;Tscheljabinsk&#8220; <\/span>Lesen<\/a><\/p>\n","protected":false},"author":1,"featured_media":0,"parent":0,"menu_order":0,"comment_status":"closed","ping_status":"closed","template":"","meta":{"footnotes":""},"class_list":["post-4417","page","type-page","status-publish","hentry"],"_links":{"self":[{"href":"https:\/\/zurich-shanghai2010.ch\/index.php?rest_route=\/wp\/v2\/pages\/4417","targetHints":{"allow":["GET"]}}],"collection":[{"href":"https:\/\/zurich-shanghai2010.ch\/index.php?rest_route=\/wp\/v2\/pages"}],"about":[{"href":"https:\/\/zurich-shanghai2010.ch\/index.php?rest_route=\/wp\/v2\/types\/page"}],"author":[{"embeddable":true,"href":"https:\/\/zurich-shanghai2010.ch\/index.php?rest_route=\/wp\/v2\/users\/1"}],"replies":[{"embeddable":true,"href":"https:\/\/zurich-shanghai2010.ch\/index.php?rest_route=%2Fwp%2Fv2%2Fcomments&post=4417"}],"version-history":[{"count":7,"href":"https:\/\/zurich-shanghai2010.ch\/index.php?rest_route=\/wp\/v2\/pages\/4417\/revisions"}],"predecessor-version":[{"id":5227,"href":"https:\/\/zurich-shanghai2010.ch\/index.php?rest_route=\/wp\/v2\/pages\/4417\/revisions\/5227"}],"wp:attachment":[{"href":"https:\/\/zurich-shanghai2010.ch\/index.php?rest_route=%2Fwp%2Fv2%2Fmedia&parent=4417"}],"curies":[{"name":"wp","href":"https:\/\/api.w.org\/{rel}","templated":true}]}}