{"id":4391,"date":"2025-10-04T19:56:42","date_gmt":"2025-10-04T19:56:42","guid":{"rendered":"https:\/\/zurich-shanghai2010.ch\/wp\/?page_id=4391"},"modified":"2025-10-18T19:48:56","modified_gmt":"2025-10-18T19:48:56","slug":"warschau","status":"publish","type":"page","link":"https:\/\/zurich-shanghai2010.ch\/?page_id=4391","title":{"rendered":"Warschau"},"content":{"rendered":"\t\t<div data-elementor-type=\"wp-page\" data-elementor-id=\"4391\" class=\"elementor elementor-4391\" data-elementor-post-type=\"page\">\n\t\t\t\t\t\t<section class=\"elementor-section elementor-top-section elementor-element elementor-element-29aa4725 elementor-section-boxed elementor-section-height-default elementor-section-height-default\" data-id=\"29aa4725\" data-element_type=\"section\">\n\t\t\t\t\t\t<div class=\"elementor-container elementor-column-gap-default\">\n\t\t\t\t\t<div class=\"elementor-column elementor-col-100 elementor-top-column elementor-element elementor-element-31bfe60a\" data-id=\"31bfe60a\" data-element_type=\"column\">\n\t\t\t<div class=\"elementor-widget-wrap elementor-element-populated\">\n\t\t\t\t\t\t<div class=\"elementor-element elementor-element-5183e8a elementor-widget elementor-widget-text-editor\" data-id=\"5183e8a\" data-element_type=\"widget\" data-widget_type=\"text-editor.default\">\n\t\t\t\t<div class=\"elementor-widget-container\">\n\t\t\t\t\t\t\t\t\t<p><strong>Die wiederaufgebaute Metropole Polens<\/strong><\/p><p><strong>Eckdaten und touristische Highlights:<br \/><\/strong>Warschau, die Hauptstadt Polens mit rund 1,8 Millionen Einwohnern, liegt malerisch an der Weichsel und gilt als pulsierendes Zentrum des Landes. Die Stadt wurde im Zweiten Weltkrieg fast vollst\u00e4ndig zerst\u00f6rt und anschlie\u00dfend mit gro\u00dfer Hingabe wiederaufgebaut \u2013 heute ist ihre Altstadt UNESCO-Weltkulturerbe und ein Symbol f\u00fcr den polnischen Wiederaufbaugeist. Zu den bekanntesten Sehensw\u00fcrdigkeiten z\u00e4hlen das K\u00f6nigsschloss, der historische Marktplatz, der kazienki-Park mit dem Wasserpalast und der imposante Kulturpalast. Museen wie das POLIN-Museum und das Warschauer Aufstandsmuseum erz\u00e4hlen eindrucksvoll von der bewegten Geschichte der Stadt. Gleichzeitig hat sich Warschau zu einer modernen, lebendigen Metropole mit Wolkenkratzern, kreativer Gastronomie und einer vielf\u00e4ltigen Kulturszene entwickelt. Zwischen Geschichte und Gegenwart, Tradition und Aufbruch verk\u00f6rpert Warschau den unersch\u00fctterlichen Geist Polens und begeistert Besucher mit seiner Mischung aus Stolz, Charme und urbaner Energie.<\/p><p><strong>Erlebnisse:<br \/><\/strong>Beim Altst\u00e4dter Ring gehen wir etwas trinken und ruhen uns aus. Grazi ist fest entschlossen von uns dreien am meisten Fusskilometer abzuspulen. Diverse Sehensw\u00fcrdigkeiten werden besichtigt.<\/p>\t\t\t\t\t\t\t\t<\/div>\n\t\t\t\t<\/div>\n\t\t\t\t<div class=\"elementor-element elementor-element-8784d88 elementor-widget elementor-widget-gallery\" data-id=\"8784d88\" data-element_type=\"widget\" data-settings=\"{&quot;lazyload&quot;:&quot;yes&quot;,&quot;gallery_layout&quot;:&quot;grid&quot;,&quot;columns&quot;:4,&quot;columns_tablet&quot;:2,&quot;columns_mobile&quot;:1,&quot;gap&quot;:{&quot;unit&quot;:&quot;px&quot;,&quot;size&quot;:10,&quot;sizes&quot;:[]},&quot;gap_tablet&quot;:{&quot;unit&quot;:&quot;px&quot;,&quot;size&quot;:10,&quot;sizes&quot;:[]},&quot;gap_mobile&quot;:{&quot;unit&quot;:&quot;px&quot;,&quot;size&quot;:10,&quot;sizes&quot;:[]},&quot;link_to&quot;:&quot;file&quot;,&quot;aspect_ratio&quot;:&quot;3:2&quot;,&quot;overlay_background&quot;:&quot;yes&quot;,&quot;content_hover_animation&quot;:&quot;fade-in&quot;}\" data-widget_type=\"gallery.default\">\n\t\t\t\t<div class=\"elementor-widget-container\">\n\t\t\t\t\t\t\t<div class=\"elementor-gallery__container\">\n\t\t\t\t\t\t\t<a class=\"e-gallery-item elementor-gallery-item elementor-animated-content\" href=\"https:\/\/zurich-shanghai2010.ch\/wp-content\/uploads\/2025\/10\/S-Warschau_143343.jpg\" data-elementor-open-lightbox=\"yes\" data-elementor-lightbox-slideshow=\"8784d88\" data-elementor-lightbox-title=\"OLYMPUS DIGITAL CAMERA\" data-e-action-hash=\"#elementor-action%3Aaction%3Dlightbox%26settings%3DeyJpZCI6NTEwOCwidXJsIjoiaHR0cHM6XC9cL3p1cmljaC1zaGFuZ2hhaTIwMTAuY2hcL3dwLWNvbnRlbnRcL3VwbG9hZHNcLzIwMjVcLzEwXC9TLVdhcnNjaGF1XzE0MzM0My5qcGciLCJzbGlkZXNob3ciOiI4Nzg0ZDg4In0%3D\">\n\t\t\t\t\t<div class=\"e-gallery-image elementor-gallery-item__image\" data-thumbnail=\"https:\/\/zurich-shanghai2010.ch\/wp-content\/uploads\/2025\/10\/S-Warschau_143343-300x225.jpg\" data-width=\"300\" data-height=\"225\" aria-label=\"\" role=\"img\" ><\/div>\n\t\t\t\t\t\t\t\t\t\t\t<div class=\"elementor-gallery-item__overlay\"><\/div>\n\t\t\t\t\t\t\t\t\t\t\t\t\t\t<\/a>\n\t\t\t\t\t\t\t<a class=\"e-gallery-item elementor-gallery-item elementor-animated-content\" href=\"https:\/\/zurich-shanghai2010.ch\/wp-content\/uploads\/2025\/10\/S-Warschau_141304.jpg\" data-elementor-open-lightbox=\"yes\" data-elementor-lightbox-slideshow=\"8784d88\" data-elementor-lightbox-title=\"OLYMPUS DIGITAL CAMERA\" data-e-action-hash=\"#elementor-action%3Aaction%3Dlightbox%26settings%3DeyJpZCI6NTExMywidXJsIjoiaHR0cHM6XC9cL3p1cmljaC1zaGFuZ2hhaTIwMTAuY2hcL3dwLWNvbnRlbnRcL3VwbG9hZHNcLzIwMjVcLzEwXC9TLVdhcnNjaGF1XzE0MTMwNC5qcGciLCJzbGlkZXNob3ciOiI4Nzg0ZDg4In0%3D\">\n\t\t\t\t\t<div class=\"e-gallery-image elementor-gallery-item__image\" data-thumbnail=\"https:\/\/zurich-shanghai2010.ch\/wp-content\/uploads\/2025\/10\/S-Warschau_141304-300x225.jpg\" data-width=\"300\" data-height=\"225\" aria-label=\"\" role=\"img\" ><\/div>\n\t\t\t\t\t\t\t\t\t\t\t<div class=\"elementor-gallery-item__overlay\"><\/div>\n\t\t\t\t\t\t\t\t\t\t\t\t\t\t<\/a>\n\t\t\t\t\t\t\t<a class=\"e-gallery-item elementor-gallery-item elementor-animated-content\" href=\"https:\/\/zurich-shanghai2010.ch\/wp-content\/uploads\/2025\/10\/S-Warschau_141902.jpg\" data-elementor-open-lightbox=\"yes\" data-elementor-lightbox-slideshow=\"8784d88\" data-elementor-lightbox-title=\"OLYMPUS DIGITAL CAMERA\" data-e-action-hash=\"#elementor-action%3Aaction%3Dlightbox%26settings%3DeyJpZCI6NTExMiwidXJsIjoiaHR0cHM6XC9cL3p1cmljaC1zaGFuZ2hhaTIwMTAuY2hcL3dwLWNvbnRlbnRcL3VwbG9hZHNcLzIwMjVcLzEwXC9TLVdhcnNjaGF1XzE0MTkwMi5qcGciLCJzbGlkZXNob3ciOiI4Nzg0ZDg4In0%3D\">\n\t\t\t\t\t<div class=\"e-gallery-image elementor-gallery-item__image\" data-thumbnail=\"https:\/\/zurich-shanghai2010.ch\/wp-content\/uploads\/2025\/10\/S-Warschau_141902-300x225.jpg\" data-width=\"300\" data-height=\"225\" aria-label=\"\" role=\"img\" ><\/div>\n\t\t\t\t\t\t\t\t\t\t\t<div class=\"elementor-gallery-item__overlay\"><\/div>\n\t\t\t\t\t\t\t\t\t\t\t\t\t\t<\/a>\n\t\t\t\t\t\t\t<a class=\"e-gallery-item elementor-gallery-item elementor-animated-content\" href=\"https:\/\/zurich-shanghai2010.ch\/wp-content\/uploads\/2025\/10\/S-Warschau_142325.jpg\" data-elementor-open-lightbox=\"yes\" data-elementor-lightbox-slideshow=\"8784d88\" data-elementor-lightbox-title=\"OLYMPUS DIGITAL CAMERA\" data-e-action-hash=\"#elementor-action%3Aaction%3Dlightbox%26settings%3DeyJpZCI6NTExMSwidXJsIjoiaHR0cHM6XC9cL3p1cmljaC1zaGFuZ2hhaTIwMTAuY2hcL3dwLWNvbnRlbnRcL3VwbG9hZHNcLzIwMjVcLzEwXC9TLVdhcnNjaGF1XzE0MjMyNS5qcGciLCJzbGlkZXNob3ciOiI4Nzg0ZDg4In0%3D\">\n\t\t\t\t\t<div class=\"e-gallery-image elementor-gallery-item__image\" data-thumbnail=\"https:\/\/zurich-shanghai2010.ch\/wp-content\/uploads\/2025\/10\/S-Warschau_142325-300x225.jpg\" data-width=\"300\" data-height=\"225\" aria-label=\"\" role=\"img\" ><\/div>\n\t\t\t\t\t\t\t\t\t\t\t<div class=\"elementor-gallery-item__overlay\"><\/div>\n\t\t\t\t\t\t\t\t\t\t\t\t\t\t<\/a>\n\t\t\t\t\t\t\t<a class=\"e-gallery-item elementor-gallery-item elementor-animated-content\" href=\"https:\/\/zurich-shanghai2010.ch\/wp-content\/uploads\/2025\/10\/S-Warschau_143114-scaled.jpg\" data-elementor-open-lightbox=\"yes\" data-elementor-lightbox-slideshow=\"8784d88\" data-elementor-lightbox-title=\"S-Warschau_143114\" data-e-action-hash=\"#elementor-action%3Aaction%3Dlightbox%26settings%3DeyJpZCI6NTEwOSwidXJsIjoiaHR0cHM6XC9cL3p1cmljaC1zaGFuZ2hhaTIwMTAuY2hcL3dwLWNvbnRlbnRcL3VwbG9hZHNcLzIwMjVcLzEwXC9TLVdhcnNjaGF1XzE0MzExNC1zY2FsZWQuanBnIiwic2xpZGVzaG93IjoiODc4NGQ4OCJ9\">\n\t\t\t\t\t<div class=\"e-gallery-image elementor-gallery-item__image\" data-thumbnail=\"https:\/\/zurich-shanghai2010.ch\/wp-content\/uploads\/2025\/10\/S-Warschau_143114-300x225.jpg\" data-width=\"300\" data-height=\"225\" aria-label=\"\" role=\"img\" ><\/div>\n\t\t\t\t\t\t\t\t\t\t\t<div class=\"elementor-gallery-item__overlay\"><\/div>\n\t\t\t\t\t\t\t\t\t\t\t\t\t\t<\/a>\n\t\t\t\t\t\t\t<a class=\"e-gallery-item elementor-gallery-item elementor-animated-content\" href=\"https:\/\/zurich-shanghai2010.ch\/wp-content\/uploads\/2025\/10\/S-Warschau_142848-scaled.jpg\" data-elementor-open-lightbox=\"yes\" data-elementor-lightbox-slideshow=\"8784d88\" data-elementor-lightbox-title=\"S-Warschau_142848\" data-e-action-hash=\"#elementor-action%3Aaction%3Dlightbox%26settings%3DeyJpZCI6NTExMCwidXJsIjoiaHR0cHM6XC9cL3p1cmljaC1zaGFuZ2hhaTIwMTAuY2hcL3dwLWNvbnRlbnRcL3VwbG9hZHNcLzIwMjVcLzEwXC9TLVdhcnNjaGF1XzE0Mjg0OC1zY2FsZWQuanBnIiwic2xpZGVzaG93IjoiODc4NGQ4OCJ9\">\n\t\t\t\t\t<div class=\"e-gallery-image elementor-gallery-item__image\" data-thumbnail=\"https:\/\/zurich-shanghai2010.ch\/wp-content\/uploads\/2025\/10\/S-Warschau_142848-300x225.jpg\" data-width=\"300\" data-height=\"225\" aria-label=\"\" role=\"img\" ><\/div>\n\t\t\t\t\t\t\t\t\t\t\t<div class=\"elementor-gallery-item__overlay\"><\/div>\n\t\t\t\t\t\t\t\t\t\t\t\t\t\t<\/a>\n\t\t\t\t\t\t\t<a class=\"e-gallery-item elementor-gallery-item elementor-animated-content\" href=\"https:\/\/zurich-shanghai2010.ch\/wp-content\/uploads\/2025\/10\/S-Warschau_143825.jpg\" data-elementor-open-lightbox=\"yes\" data-elementor-lightbox-slideshow=\"8784d88\" data-elementor-lightbox-title=\"OLYMPUS DIGITAL CAMERA\" data-e-action-hash=\"#elementor-action%3Aaction%3Dlightbox%26settings%3DeyJpZCI6NTEwNywidXJsIjoiaHR0cHM6XC9cL3p1cmljaC1zaGFuZ2hhaTIwMTAuY2hcL3dwLWNvbnRlbnRcL3VwbG9hZHNcLzIwMjVcLzEwXC9TLVdhcnNjaGF1XzE0MzgyNS5qcGciLCJzbGlkZXNob3ciOiI4Nzg0ZDg4In0%3D\">\n\t\t\t\t\t<div class=\"e-gallery-image elementor-gallery-item__image\" data-thumbnail=\"https:\/\/zurich-shanghai2010.ch\/wp-content\/uploads\/2025\/10\/S-Warschau_143825-300x225.jpg\" data-width=\"300\" data-height=\"225\" aria-label=\"\" role=\"img\" ><\/div>\n\t\t\t\t\t\t\t\t\t\t\t<div class=\"elementor-gallery-item__overlay\"><\/div>\n\t\t\t\t\t\t\t\t\t\t\t\t\t\t<\/a>\n\t\t\t\t\t\t\t<a class=\"e-gallery-item elementor-gallery-item elementor-animated-content\" href=\"https:\/\/zurich-shanghai2010.ch\/wp-content\/uploads\/2025\/10\/S-Warschau_164233-scaled.jpg\" data-elementor-open-lightbox=\"yes\" data-elementor-lightbox-slideshow=\"8784d88\" data-elementor-lightbox-title=\"S-Warschau_164233\" data-e-action-hash=\"#elementor-action%3Aaction%3Dlightbox%26settings%3DeyJpZCI6NTEwNiwidXJsIjoiaHR0cHM6XC9cL3p1cmljaC1zaGFuZ2hhaTIwMTAuY2hcL3dwLWNvbnRlbnRcL3VwbG9hZHNcLzIwMjVcLzEwXC9TLVdhcnNjaGF1XzE2NDIzMy1zY2FsZWQuanBnIiwic2xpZGVzaG93IjoiODc4NGQ4OCJ9\">\n\t\t\t\t\t<div class=\"e-gallery-image elementor-gallery-item__image\" data-thumbnail=\"https:\/\/zurich-shanghai2010.ch\/wp-content\/uploads\/2025\/10\/S-Warschau_164233-300x225.jpg\" data-width=\"300\" data-height=\"225\" aria-label=\"\" role=\"img\" ><\/div>\n\t\t\t\t\t\t\t\t\t\t\t<div class=\"elementor-gallery-item__overlay\"><\/div>\n\t\t\t\t\t\t\t\t\t\t\t\t\t\t<\/a>\n\t\t\t\t\t\t\t<a class=\"e-gallery-item elementor-gallery-item elementor-animated-content\" href=\"https:\/\/zurich-shanghai2010.ch\/wp-content\/uploads\/2025\/10\/S-Warschau_165630.jpg\" data-elementor-open-lightbox=\"yes\" data-elementor-lightbox-slideshow=\"8784d88\" data-elementor-lightbox-title=\"OLYMPUS DIGITAL CAMERA\" data-e-action-hash=\"#elementor-action%3Aaction%3Dlightbox%26settings%3DeyJpZCI6NTEwNSwidXJsIjoiaHR0cHM6XC9cL3p1cmljaC1zaGFuZ2hhaTIwMTAuY2hcL3dwLWNvbnRlbnRcL3VwbG9hZHNcLzIwMjVcLzEwXC9TLVdhcnNjaGF1XzE2NTYzMC5qcGciLCJzbGlkZXNob3ciOiI4Nzg0ZDg4In0%3D\">\n\t\t\t\t\t<div class=\"e-gallery-image elementor-gallery-item__image\" data-thumbnail=\"https:\/\/zurich-shanghai2010.ch\/wp-content\/uploads\/2025\/10\/S-Warschau_165630-300x225.jpg\" data-width=\"300\" data-height=\"225\" aria-label=\"\" role=\"img\" ><\/div>\n\t\t\t\t\t\t\t\t\t\t\t<div class=\"elementor-gallery-item__overlay\"><\/div>\n\t\t\t\t\t\t\t\t\t\t\t\t\t\t<\/a>\n\t\t\t\t\t\t\t<a class=\"e-gallery-item elementor-gallery-item elementor-animated-content\" href=\"https:\/\/zurich-shanghai2010.ch\/wp-content\/uploads\/2025\/10\/S-Warschau_170233.jpg\" data-elementor-open-lightbox=\"yes\" data-elementor-lightbox-slideshow=\"8784d88\" data-elementor-lightbox-title=\"OLYMPUS DIGITAL CAMERA\" data-e-action-hash=\"#elementor-action%3Aaction%3Dlightbox%26settings%3DeyJpZCI6NTEwNCwidXJsIjoiaHR0cHM6XC9cL3p1cmljaC1zaGFuZ2hhaTIwMTAuY2hcL3dwLWNvbnRlbnRcL3VwbG9hZHNcLzIwMjVcLzEwXC9TLVdhcnNjaGF1XzE3MDIzMy5qcGciLCJzbGlkZXNob3ciOiI4Nzg0ZDg4In0%3D\">\n\t\t\t\t\t<div class=\"e-gallery-image elementor-gallery-item__image\" data-thumbnail=\"https:\/\/zurich-shanghai2010.ch\/wp-content\/uploads\/2025\/10\/S-Warschau_170233-225x300.jpg\" data-width=\"225\" data-height=\"300\" aria-label=\"\" role=\"img\" ><\/div>\n\t\t\t\t\t\t\t\t\t\t\t<div class=\"elementor-gallery-item__overlay\"><\/div>\n\t\t\t\t\t\t\t\t\t\t\t\t\t\t<\/a>\n\t\t\t\t\t\t\t<a class=\"e-gallery-item elementor-gallery-item elementor-animated-content\" href=\"https:\/\/zurich-shanghai2010.ch\/wp-content\/uploads\/2025\/10\/S-Warschau_170622.jpg\" data-elementor-open-lightbox=\"yes\" data-elementor-lightbox-slideshow=\"8784d88\" data-elementor-lightbox-title=\"OLYMPUS DIGITAL CAMERA\" data-e-action-hash=\"#elementor-action%3Aaction%3Dlightbox%26settings%3DeyJpZCI6NTEwMywidXJsIjoiaHR0cHM6XC9cL3p1cmljaC1zaGFuZ2hhaTIwMTAuY2hcL3dwLWNvbnRlbnRcL3VwbG9hZHNcLzIwMjVcLzEwXC9TLVdhcnNjaGF1XzE3MDYyMi5qcGciLCJzbGlkZXNob3ciOiI4Nzg0ZDg4In0%3D\">\n\t\t\t\t\t<div class=\"e-gallery-image elementor-gallery-item__image\" data-thumbnail=\"https:\/\/zurich-shanghai2010.ch\/wp-content\/uploads\/2025\/10\/S-Warschau_170622-225x300.jpg\" data-width=\"225\" data-height=\"300\" aria-label=\"\" role=\"img\" ><\/div>\n\t\t\t\t\t\t\t\t\t\t\t<div class=\"elementor-gallery-item__overlay\"><\/div>\n\t\t\t\t\t\t\t\t\t\t\t\t\t\t<\/a>\n\t\t\t\t\t\t\t<a class=\"e-gallery-item elementor-gallery-item elementor-animated-content\" href=\"https:\/\/zurich-shanghai2010.ch\/wp-content\/uploads\/2025\/10\/S-Warschau_172129-scaled.jpg\" data-elementor-open-lightbox=\"yes\" data-elementor-lightbox-slideshow=\"8784d88\" data-elementor-lightbox-title=\"S-Warschau_172129\" data-e-action-hash=\"#elementor-action%3Aaction%3Dlightbox%26settings%3DeyJpZCI6NTEwMiwidXJsIjoiaHR0cHM6XC9cL3p1cmljaC1zaGFuZ2hhaTIwMTAuY2hcL3dwLWNvbnRlbnRcL3VwbG9hZHNcLzIwMjVcLzEwXC9TLVdhcnNjaGF1XzE3MjEyOS1zY2FsZWQuanBnIiwic2xpZGVzaG93IjoiODc4NGQ4OCJ9\">\n\t\t\t\t\t<div class=\"e-gallery-image elementor-gallery-item__image\" data-thumbnail=\"https:\/\/zurich-shanghai2010.ch\/wp-content\/uploads\/2025\/10\/S-Warschau_172129-300x225.jpg\" data-width=\"300\" data-height=\"225\" aria-label=\"\" role=\"img\" ><\/div>\n\t\t\t\t\t\t\t\t\t\t\t<div class=\"elementor-gallery-item__overlay\"><\/div>\n\t\t\t\t\t\t\t\t\t\t\t\t\t\t<\/a>\n\t\t\t\t\t\t\t<a class=\"e-gallery-item elementor-gallery-item elementor-animated-content\" href=\"https:\/\/zurich-shanghai2010.ch\/wp-content\/uploads\/2025\/10\/S-Warschau_172350-scaled.jpg\" data-elementor-open-lightbox=\"yes\" data-elementor-lightbox-slideshow=\"8784d88\" data-elementor-lightbox-title=\"S-Warschau_172350\" data-e-action-hash=\"#elementor-action%3Aaction%3Dlightbox%26settings%3DeyJpZCI6NTEwMSwidXJsIjoiaHR0cHM6XC9cL3p1cmljaC1zaGFuZ2hhaTIwMTAuY2hcL3dwLWNvbnRlbnRcL3VwbG9hZHNcLzIwMjVcLzEwXC9TLVdhcnNjaGF1XzE3MjM1MC1zY2FsZWQuanBnIiwic2xpZGVzaG93IjoiODc4NGQ4OCJ9\">\n\t\t\t\t\t<div class=\"e-gallery-image elementor-gallery-item__image\" data-thumbnail=\"https:\/\/zurich-shanghai2010.ch\/wp-content\/uploads\/2025\/10\/S-Warschau_172350-300x225.jpg\" data-width=\"300\" data-height=\"225\" aria-label=\"\" role=\"img\" ><\/div>\n\t\t\t\t\t\t\t\t\t\t\t<div class=\"elementor-gallery-item__overlay\"><\/div>\n\t\t\t\t\t\t\t\t\t\t\t\t\t\t<\/a>\n\t\t\t\t\t\t\t<a class=\"e-gallery-item elementor-gallery-item elementor-animated-content\" href=\"https:\/\/zurich-shanghai2010.ch\/wp-content\/uploads\/2025\/10\/S-Warschau_175004.jpg\" data-elementor-open-lightbox=\"yes\" data-elementor-lightbox-slideshow=\"8784d88\" data-elementor-lightbox-title=\"OLYMPUS DIGITAL CAMERA\" data-e-action-hash=\"#elementor-action%3Aaction%3Dlightbox%26settings%3DeyJpZCI6NTEwMCwidXJsIjoiaHR0cHM6XC9cL3p1cmljaC1zaGFuZ2hhaTIwMTAuY2hcL3dwLWNvbnRlbnRcL3VwbG9hZHNcLzIwMjVcLzEwXC9TLVdhcnNjaGF1XzE3NTAwNC5qcGciLCJzbGlkZXNob3ciOiI4Nzg0ZDg4In0%3D\">\n\t\t\t\t\t<div class=\"e-gallery-image elementor-gallery-item__image\" data-thumbnail=\"https:\/\/zurich-shanghai2010.ch\/wp-content\/uploads\/2025\/10\/S-Warschau_175004-300x225.jpg\" data-width=\"300\" data-height=\"225\" aria-label=\"\" role=\"img\" ><\/div>\n\t\t\t\t\t\t\t\t\t\t\t<div class=\"elementor-gallery-item__overlay\"><\/div>\n\t\t\t\t\t\t\t\t\t\t\t\t\t\t<\/a>\n\t\t\t\t\t\t\t<a class=\"e-gallery-item elementor-gallery-item elementor-animated-content\" href=\"https:\/\/zurich-shanghai2010.ch\/wp-content\/uploads\/2025\/10\/S-Warschau_182644-scaled.jpg\" data-elementor-open-lightbox=\"yes\" data-elementor-lightbox-slideshow=\"8784d88\" data-elementor-lightbox-title=\"S-Warschau_182644\" data-e-action-hash=\"#elementor-action%3Aaction%3Dlightbox%26settings%3DeyJpZCI6NTA5OSwidXJsIjoiaHR0cHM6XC9cL3p1cmljaC1zaGFuZ2hhaTIwMTAuY2hcL3dwLWNvbnRlbnRcL3VwbG9hZHNcLzIwMjVcLzEwXC9TLVdhcnNjaGF1XzE4MjY0NC1zY2FsZWQuanBnIiwic2xpZGVzaG93IjoiODc4NGQ4OCJ9\">\n\t\t\t\t\t<div class=\"e-gallery-image elementor-gallery-item__image\" data-thumbnail=\"https:\/\/zurich-shanghai2010.ch\/wp-content\/uploads\/2025\/10\/S-Warschau_182644-300x225.jpg\" data-width=\"300\" data-height=\"225\" aria-label=\"\" role=\"img\" ><\/div>\n\t\t\t\t\t\t\t\t\t\t\t<div class=\"elementor-gallery-item__overlay\"><\/div>\n\t\t\t\t\t\t\t\t\t\t\t\t\t\t<\/a>\n\t\t\t\t\t\t\t<a class=\"e-gallery-item elementor-gallery-item elementor-animated-content\" href=\"https:\/\/zurich-shanghai2010.ch\/wp-content\/uploads\/2025\/10\/S-Warschau_190059-scaled.jpg\" data-elementor-open-lightbox=\"yes\" data-elementor-lightbox-slideshow=\"8784d88\" data-elementor-lightbox-title=\"S-Warschau_190059\" data-e-action-hash=\"#elementor-action%3Aaction%3Dlightbox%26settings%3DeyJpZCI6NTA5OCwidXJsIjoiaHR0cHM6XC9cL3p1cmljaC1zaGFuZ2hhaTIwMTAuY2hcL3dwLWNvbnRlbnRcL3VwbG9hZHNcLzIwMjVcLzEwXC9TLVdhcnNjaGF1XzE5MDA1OS1zY2FsZWQuanBnIiwic2xpZGVzaG93IjoiODc4NGQ4OCJ9\">\n\t\t\t\t\t<div class=\"e-gallery-image elementor-gallery-item__image\" data-thumbnail=\"https:\/\/zurich-shanghai2010.ch\/wp-content\/uploads\/2025\/10\/S-Warschau_190059-225x300.jpg\" data-width=\"225\" data-height=\"300\" aria-label=\"\" role=\"img\" ><\/div>\n\t\t\t\t\t\t\t\t\t\t\t<div class=\"elementor-gallery-item__overlay\"><\/div>\n\t\t\t\t\t\t\t\t\t\t\t\t\t\t<\/a>\n\t\t\t\t\t\t\t<a class=\"e-gallery-item elementor-gallery-item elementor-animated-content\" href=\"https:\/\/zurich-shanghai2010.ch\/wp-content\/uploads\/2025\/10\/S-Warschau_190424-scaled.jpg\" data-elementor-open-lightbox=\"yes\" data-elementor-lightbox-slideshow=\"8784d88\" data-elementor-lightbox-title=\"S-Warschau_190424\" data-e-action-hash=\"#elementor-action%3Aaction%3Dlightbox%26settings%3DeyJpZCI6NTA5NywidXJsIjoiaHR0cHM6XC9cL3p1cmljaC1zaGFuZ2hhaTIwMTAuY2hcL3dwLWNvbnRlbnRcL3VwbG9hZHNcLzIwMjVcLzEwXC9TLVdhcnNjaGF1XzE5MDQyNC1zY2FsZWQuanBnIiwic2xpZGVzaG93IjoiODc4NGQ4OCJ9\">\n\t\t\t\t\t<div class=\"e-gallery-image elementor-gallery-item__image\" data-thumbnail=\"https:\/\/zurich-shanghai2010.ch\/wp-content\/uploads\/2025\/10\/S-Warschau_190424-225x300.jpg\" data-width=\"225\" data-height=\"300\" aria-label=\"\" role=\"img\" ><\/div>\n\t\t\t\t\t\t\t\t\t\t\t<div class=\"elementor-gallery-item__overlay\"><\/div>\n\t\t\t\t\t\t\t\t\t\t\t\t\t\t<\/a>\n\t\t\t\t\t\t\t<a class=\"e-gallery-item elementor-gallery-item elementor-animated-content\" href=\"https:\/\/zurich-shanghai2010.ch\/wp-content\/uploads\/2025\/10\/S-Warschau_203412-scaled.jpg\" data-elementor-open-lightbox=\"yes\" data-elementor-lightbox-slideshow=\"8784d88\" data-elementor-lightbox-title=\"S-Warschau_203412\" data-e-action-hash=\"#elementor-action%3Aaction%3Dlightbox%26settings%3DeyJpZCI6NTA5NiwidXJsIjoiaHR0cHM6XC9cL3p1cmljaC1zaGFuZ2hhaTIwMTAuY2hcL3dwLWNvbnRlbnRcL3VwbG9hZHNcLzIwMjVcLzEwXC9TLVdhcnNjaGF1XzIwMzQxMi1zY2FsZWQuanBnIiwic2xpZGVzaG93IjoiODc4NGQ4OCJ9\">\n\t\t\t\t\t<div class=\"e-gallery-image elementor-gallery-item__image\" data-thumbnail=\"https:\/\/zurich-shanghai2010.ch\/wp-content\/uploads\/2025\/10\/S-Warschau_203412-300x225.jpg\" data-width=\"300\" data-height=\"225\" aria-label=\"\" role=\"img\" ><\/div>\n\t\t\t\t\t\t\t\t\t\t\t<div class=\"elementor-gallery-item__overlay\"><\/div>\n\t\t\t\t\t\t\t\t\t\t\t\t\t\t<\/a>\n\t\t\t\t\t\t\t<a class=\"e-gallery-item elementor-gallery-item elementor-animated-content\" href=\"https:\/\/zurich-shanghai2010.ch\/wp-content\/uploads\/2025\/10\/S-Warschau_215601-scaled.jpg\" data-elementor-open-lightbox=\"yes\" data-elementor-lightbox-slideshow=\"8784d88\" data-elementor-lightbox-title=\"S-Warschau_215601\" data-e-action-hash=\"#elementor-action%3Aaction%3Dlightbox%26settings%3DeyJpZCI6NTA5NSwidXJsIjoiaHR0cHM6XC9cL3p1cmljaC1zaGFuZ2hhaTIwMTAuY2hcL3dwLWNvbnRlbnRcL3VwbG9hZHNcLzIwMjVcLzEwXC9TLVdhcnNjaGF1XzIxNTYwMS1zY2FsZWQuanBnIiwic2xpZGVzaG93IjoiODc4NGQ4OCJ9\">\n\t\t\t\t\t<div class=\"e-gallery-image elementor-gallery-item__image\" data-thumbnail=\"https:\/\/zurich-shanghai2010.ch\/wp-content\/uploads\/2025\/10\/S-Warschau_215601-300x225.jpg\" data-width=\"300\" data-height=\"225\" aria-label=\"\" role=\"img\" ><\/div>\n\t\t\t\t\t\t\t\t\t\t\t<div class=\"elementor-gallery-item__overlay\"><\/div>\n\t\t\t\t\t\t\t\t\t\t\t\t\t\t<\/a>\n\t\t\t\t\t\t\t<a class=\"e-gallery-item elementor-gallery-item elementor-animated-content\" href=\"https:\/\/zurich-shanghai2010.ch\/wp-content\/uploads\/2025\/10\/S-Warschau_224636.jpg\" data-elementor-open-lightbox=\"yes\" data-elementor-lightbox-slideshow=\"8784d88\" data-elementor-lightbox-title=\"OLYMPUS DIGITAL CAMERA\" data-e-action-hash=\"#elementor-action%3Aaction%3Dlightbox%26settings%3DeyJpZCI6NTA5NCwidXJsIjoiaHR0cHM6XC9cL3p1cmljaC1zaGFuZ2hhaTIwMTAuY2hcL3dwLWNvbnRlbnRcL3VwbG9hZHNcLzIwMjVcLzEwXC9TLVdhcnNjaGF1XzIyNDYzNi5qcGciLCJzbGlkZXNob3ciOiI4Nzg0ZDg4In0%3D\">\n\t\t\t\t\t<div class=\"e-gallery-image elementor-gallery-item__image\" data-thumbnail=\"https:\/\/zurich-shanghai2010.ch\/wp-content\/uploads\/2025\/10\/S-Warschau_224636-300x225.jpg\" data-width=\"300\" data-height=\"225\" aria-label=\"\" role=\"img\" ><\/div>\n\t\t\t\t\t\t\t\t\t\t\t<div class=\"elementor-gallery-item__overlay\"><\/div>\n\t\t\t\t\t\t\t\t\t\t\t\t\t\t<\/a>\n\t\t\t\t\t<\/div>\n\t\t\t\t\t<\/div>\n\t\t\t\t<\/div>\n\t\t\t\t\t<\/div>\n\t\t<\/div>\n\t\t\t\t\t<\/div>\n\t\t<\/section>\n\t\t\t\t<\/div>\n\t\t","protected":false},"excerpt":{"rendered":"<p>Die wiederaufgebaute Metropole Polens Eckdaten und touristische Highlights:Warschau, die Hauptstadt Polens mit rund 1,8 Millionen Einwohnern, liegt malerisch an der Weichsel und gilt als pulsierendes Zentrum des Landes. Die Stadt wurde im Zweiten Weltkrieg fast vollst\u00e4ndig zerst\u00f6rt und anschlie\u00dfend mit gro\u00dfer Hingabe wiederaufgebaut \u2013 heute ist ihre Altstadt UNESCO-Weltkulturerbe und ein Symbol f\u00fcr den polnischen &hellip; <\/p>\n<p class=\"link-more\"><a href=\"https:\/\/zurich-shanghai2010.ch\/?page_id=4391\" class=\"more-link\">Mehr <span class=\"screen-reader-text\">\u00fcber &#8222;Warschau&#8220; <\/span>Lesen<\/a><\/p>\n","protected":false},"author":1,"featured_media":0,"parent":0,"menu_order":0,"comment_status":"closed","ping_status":"closed","template":"","meta":{"footnotes":""},"class_list":["post-4391","page","type-page","status-publish","hentry"],"_links":{"self":[{"href":"https:\/\/zurich-shanghai2010.ch\/index.php?rest_route=\/wp\/v2\/pages\/4391","targetHints":{"allow":["GET"]}}],"collection":[{"href":"https:\/\/zurich-shanghai2010.ch\/index.php?rest_route=\/wp\/v2\/pages"}],"about":[{"href":"https:\/\/zurich-shanghai2010.ch\/index.php?rest_route=\/wp\/v2\/types\/page"}],"author":[{"embeddable":true,"href":"https:\/\/zurich-shanghai2010.ch\/index.php?rest_route=\/wp\/v2\/users\/1"}],"replies":[{"embeddable":true,"href":"https:\/\/zurich-shanghai2010.ch\/index.php?rest_route=%2Fwp%2Fv2%2Fcomments&post=4391"}],"version-history":[{"count":12,"href":"https:\/\/zurich-shanghai2010.ch\/index.php?rest_route=\/wp\/v2\/pages\/4391\/revisions"}],"predecessor-version":[{"id":5214,"href":"https:\/\/zurich-shanghai2010.ch\/index.php?rest_route=\/wp\/v2\/pages\/4391\/revisions\/5214"}],"wp:attachment":[{"href":"https:\/\/zurich-shanghai2010.ch\/index.php?rest_route=%2Fwp%2Fv2%2Fmedia&parent=4391"}],"curies":[{"name":"wp","href":"https:\/\/api.w.org\/{rel}","templated":true}]}}