{"id":4372,"date":"2025-10-04T19:42:08","date_gmt":"2025-10-04T19:42:08","guid":{"rendered":"https:\/\/zurich-shanghai2010.ch\/wp\/?page_id=4372"},"modified":"2025-10-18T19:46:51","modified_gmt":"2025-10-18T19:46:51","slug":"prag","status":"publish","type":"page","link":"https:\/\/zurich-shanghai2010.ch\/?page_id=4372","title":{"rendered":"Prag"},"content":{"rendered":"\t\t<div data-elementor-type=\"wp-page\" data-elementor-id=\"4372\" class=\"elementor elementor-4372\" data-elementor-post-type=\"page\">\n\t\t\t\t\t\t<section class=\"elementor-section elementor-top-section elementor-element elementor-element-d7717fd elementor-section-boxed elementor-section-height-default elementor-section-height-default\" data-id=\"d7717fd\" data-element_type=\"section\">\n\t\t\t\t\t\t<div class=\"elementor-container elementor-column-gap-default\">\n\t\t\t\t\t<div class=\"elementor-column elementor-col-100 elementor-top-column elementor-element elementor-element-be3f181\" data-id=\"be3f181\" data-element_type=\"column\">\n\t\t\t<div class=\"elementor-widget-wrap elementor-element-populated\">\n\t\t\t\t\t\t<div class=\"elementor-element elementor-element-b4fba11 elementor-widget elementor-widget-text-editor\" data-id=\"b4fba11\" data-element_type=\"widget\" data-widget_type=\"text-editor.default\">\n\t\t\t\t<div class=\"elementor-widget-container\">\n\t\t\t\t\t\t\t\t\t<p><strong>Die goldene Stadt an der Moldau<\/strong><\/p><p><strong>Eckdaten und touristische Highlights:<br \/><\/strong>Prag, die Hauptstadt der Tschechischen Republik, liegt malerisch an der Moldau und z\u00e4hlt mit rund 1,3 Millionen Einwohnern zu den kulturellen Zentren Europas. Die Stadt blickt auf eine \u00fcber tausendj\u00e4hrige Geschichte zur\u00fcck und erlebte ihre Bl\u00fctezeit im 14. Jahrhundert unter Kaiser Karl IV., als sie Hauptstadt des Heiligen R\u00f6mischen Reiches wurde. Heute verzaubert Prag Besucher mit seiner einzigartigen Mischung aus gotischer, barocker und Jugendstilarchitektur. Zu den bekanntesten Sehensw\u00fcrdigkeiten z\u00e4hlen die Prager Burg mit dem imposanten Veitsdom, die Karlsbr\u00fccke, der Altst\u00e4dter Ring mit der Astronomischen Uhr und das J\u00fcdische Viertel. Auch moderne Wahrzeichen wie das Tanzende Haus oder der Aussichtsturm auf dem Petrin-H\u00fcgel pr\u00e4gen das Stadtbild. Prag ist nicht nur ein architektonisches Juwel, sondern auch ein Ort lebendiger Kultur mit traditionsreichen Theatern, Musikfestivals und einer vielf\u00e4ltigen Gastronomie. Typisch sind tschechisches Bier, deftige Speisen und s\u00fc\u00dfe Spezialit\u00e4ten wie Trdeln\u00edk. Dank eines dichten Netzes an Stra\u00dfenbahnen, Bussen und Metro-Linien l\u00e4sst sich die Stadt bequem erkunden. Wer Prag besucht, sp\u00fcrt schnell, warum sie als \u201eGoldene Stadt\u201c und \u201eHerz Europas\u201c bezeichnet wird.<\/p><p><strong>Erlebnisse:<br \/><\/strong>Bevor wir die Stadt besichtigen, geht es in die Massage. Eine junge Studentin namens Lenka verschiebt die Oberschenkelmuskulatur von Matt wieder an ihren Platz und taped einige Stellen. Danach kommt Beat an die Reihe. Seine unteren Wadenmuskeln h\u00f6ren sich bei jeglicher Bewegung an wie alte, nicht einge\u00f6lte Stahlseile. Er erh\u00e4lt so seinen \u00dcbernamen &#8218;Machine&#8216;. Grazi kommt am Schluss. Lenka zu Grazi: &#8218;you are the best trained&#8216;.<\/p>\t\t\t\t\t\t\t\t<\/div>\n\t\t\t\t<\/div>\n\t\t\t\t<div class=\"elementor-element elementor-element-19f8540 elementor-widget elementor-widget-gallery\" data-id=\"19f8540\" data-element_type=\"widget\" data-settings=\"{&quot;gallery_layout&quot;:&quot;masonry&quot;,&quot;lazyload&quot;:&quot;yes&quot;,&quot;columns&quot;:4,&quot;columns_tablet&quot;:2,&quot;columns_mobile&quot;:1,&quot;gap&quot;:{&quot;unit&quot;:&quot;px&quot;,&quot;size&quot;:10,&quot;sizes&quot;:[]},&quot;gap_tablet&quot;:{&quot;unit&quot;:&quot;px&quot;,&quot;size&quot;:10,&quot;sizes&quot;:[]},&quot;gap_mobile&quot;:{&quot;unit&quot;:&quot;px&quot;,&quot;size&quot;:10,&quot;sizes&quot;:[]},&quot;link_to&quot;:&quot;file&quot;,&quot;overlay_background&quot;:&quot;yes&quot;,&quot;content_hover_animation&quot;:&quot;fade-in&quot;}\" data-widget_type=\"gallery.default\">\n\t\t\t\t<div class=\"elementor-widget-container\">\n\t\t\t\t\t\t\t<div class=\"elementor-gallery__container\">\n\t\t\t\t\t\t\t<a class=\"e-gallery-item elementor-gallery-item elementor-animated-content\" href=\"https:\/\/zurich-shanghai2010.ch\/wp-content\/uploads\/2025\/10\/S-Prag_120337.jpg\" data-elementor-open-lightbox=\"yes\" data-elementor-lightbox-slideshow=\"19f8540\" data-elementor-lightbox-title=\"OLYMPUS DIGITAL CAMERA\" data-e-action-hash=\"#elementor-action%3Aaction%3Dlightbox%26settings%3DeyJpZCI6NTA4NywidXJsIjoiaHR0cHM6XC9cL3p1cmljaC1zaGFuZ2hhaTIwMTAuY2hcL3dwLWNvbnRlbnRcL3VwbG9hZHNcLzIwMjVcLzEwXC9TLVByYWdfMTIwMzM3LmpwZyIsInNsaWRlc2hvdyI6IjE5Zjg1NDAifQ%3D%3D\">\n\t\t\t\t\t<div class=\"e-gallery-image elementor-gallery-item__image\" data-thumbnail=\"https:\/\/zurich-shanghai2010.ch\/wp-content\/uploads\/2025\/10\/S-Prag_120337-300x225.jpg\" data-width=\"300\" data-height=\"225\" aria-label=\"\" role=\"img\" ><\/div>\n\t\t\t\t\t\t\t\t\t\t\t<div class=\"elementor-gallery-item__overlay\"><\/div>\n\t\t\t\t\t\t\t\t\t\t\t\t\t\t<\/a>\n\t\t\t\t\t\t\t<a class=\"e-gallery-item elementor-gallery-item elementor-animated-content\" href=\"https:\/\/zurich-shanghai2010.ch\/wp-content\/uploads\/2025\/10\/S-Prag_120308.jpg\" data-elementor-open-lightbox=\"yes\" data-elementor-lightbox-slideshow=\"19f8540\" data-elementor-lightbox-title=\"OLYMPUS DIGITAL CAMERA\" data-e-action-hash=\"#elementor-action%3Aaction%3Dlightbox%26settings%3DeyJpZCI6NTA4OCwidXJsIjoiaHR0cHM6XC9cL3p1cmljaC1zaGFuZ2hhaTIwMTAuY2hcL3dwLWNvbnRlbnRcL3VwbG9hZHNcLzIwMjVcLzEwXC9TLVByYWdfMTIwMzA4LmpwZyIsInNsaWRlc2hvdyI6IjE5Zjg1NDAifQ%3D%3D\">\n\t\t\t\t\t<div class=\"e-gallery-image elementor-gallery-item__image\" data-thumbnail=\"https:\/\/zurich-shanghai2010.ch\/wp-content\/uploads\/2025\/10\/S-Prag_120308-300x225.jpg\" data-width=\"300\" data-height=\"225\" aria-label=\"\" role=\"img\" ><\/div>\n\t\t\t\t\t\t\t\t\t\t\t<div class=\"elementor-gallery-item__overlay\"><\/div>\n\t\t\t\t\t\t\t\t\t\t\t\t\t\t<\/a>\n\t\t\t\t\t\t\t<a class=\"e-gallery-item elementor-gallery-item elementor-animated-content\" href=\"https:\/\/zurich-shanghai2010.ch\/wp-content\/uploads\/2025\/10\/S-Prag_120359-scaled.jpg\" data-elementor-open-lightbox=\"yes\" data-elementor-lightbox-slideshow=\"19f8540\" data-elementor-lightbox-title=\"S-Prag_120359\" data-e-action-hash=\"#elementor-action%3Aaction%3Dlightbox%26settings%3DeyJpZCI6NTA4NiwidXJsIjoiaHR0cHM6XC9cL3p1cmljaC1zaGFuZ2hhaTIwMTAuY2hcL3dwLWNvbnRlbnRcL3VwbG9hZHNcLzIwMjVcLzEwXC9TLVByYWdfMTIwMzU5LXNjYWxlZC5qcGciLCJzbGlkZXNob3ciOiIxOWY4NTQwIn0%3D\">\n\t\t\t\t\t<div class=\"e-gallery-image elementor-gallery-item__image\" data-thumbnail=\"https:\/\/zurich-shanghai2010.ch\/wp-content\/uploads\/2025\/10\/S-Prag_120359-225x300.jpg\" data-width=\"225\" data-height=\"300\" aria-label=\"\" role=\"img\" ><\/div>\n\t\t\t\t\t\t\t\t\t\t\t<div class=\"elementor-gallery-item__overlay\"><\/div>\n\t\t\t\t\t\t\t\t\t\t\t\t\t\t<\/a>\n\t\t\t\t\t\t\t<a class=\"e-gallery-item elementor-gallery-item elementor-animated-content\" href=\"https:\/\/zurich-shanghai2010.ch\/wp-content\/uploads\/2025\/10\/S-Prag_121515-scaled.jpg\" data-elementor-open-lightbox=\"yes\" data-elementor-lightbox-slideshow=\"19f8540\" data-elementor-lightbox-title=\"S-Prag_121515\" data-e-action-hash=\"#elementor-action%3Aaction%3Dlightbox%26settings%3DeyJpZCI6NTA4NSwidXJsIjoiaHR0cHM6XC9cL3p1cmljaC1zaGFuZ2hhaTIwMTAuY2hcL3dwLWNvbnRlbnRcL3VwbG9hZHNcLzIwMjVcLzEwXC9TLVByYWdfMTIxNTE1LXNjYWxlZC5qcGciLCJzbGlkZXNob3ciOiIxOWY4NTQwIn0%3D\">\n\t\t\t\t\t<div class=\"e-gallery-image elementor-gallery-item__image\" data-thumbnail=\"https:\/\/zurich-shanghai2010.ch\/wp-content\/uploads\/2025\/10\/S-Prag_121515-225x300.jpg\" data-width=\"225\" data-height=\"300\" aria-label=\"\" role=\"img\" ><\/div>\n\t\t\t\t\t\t\t\t\t\t\t<div class=\"elementor-gallery-item__overlay\"><\/div>\n\t\t\t\t\t\t\t\t\t\t\t\t\t\t<\/a>\n\t\t\t\t\t\t\t<a class=\"e-gallery-item elementor-gallery-item elementor-animated-content\" href=\"https:\/\/zurich-shanghai2010.ch\/wp-content\/uploads\/2025\/10\/S-Prag_120018-scaled.jpg\" data-elementor-open-lightbox=\"yes\" data-elementor-lightbox-slideshow=\"19f8540\" data-elementor-lightbox-title=\"S-Prag_120018\" data-e-action-hash=\"#elementor-action%3Aaction%3Dlightbox%26settings%3DeyJpZCI6NTA4OSwidXJsIjoiaHR0cHM6XC9cL3p1cmljaC1zaGFuZ2hhaTIwMTAuY2hcL3dwLWNvbnRlbnRcL3VwbG9hZHNcLzIwMjVcLzEwXC9TLVByYWdfMTIwMDE4LXNjYWxlZC5qcGciLCJzbGlkZXNob3ciOiIxOWY4NTQwIn0%3D\">\n\t\t\t\t\t<div class=\"e-gallery-image elementor-gallery-item__image\" data-thumbnail=\"https:\/\/zurich-shanghai2010.ch\/wp-content\/uploads\/2025\/10\/S-Prag_120018-225x300.jpg\" data-width=\"225\" data-height=\"300\" aria-label=\"\" role=\"img\" ><\/div>\n\t\t\t\t\t\t\t\t\t\t\t<div class=\"elementor-gallery-item__overlay\"><\/div>\n\t\t\t\t\t\t\t\t\t\t\t\t\t\t<\/a>\n\t\t\t\t\t\t\t<a class=\"e-gallery-item elementor-gallery-item elementor-animated-content\" href=\"https:\/\/zurich-shanghai2010.ch\/wp-content\/uploads\/2025\/10\/S-Prag_122150.jpg\" data-elementor-open-lightbox=\"yes\" data-elementor-lightbox-slideshow=\"19f8540\" data-elementor-lightbox-title=\"OLYMPUS DIGITAL CAMERA\" data-e-action-hash=\"#elementor-action%3Aaction%3Dlightbox%26settings%3DeyJpZCI6NTA4NCwidXJsIjoiaHR0cHM6XC9cL3p1cmljaC1zaGFuZ2hhaTIwMTAuY2hcL3dwLWNvbnRlbnRcL3VwbG9hZHNcLzIwMjVcLzEwXC9TLVByYWdfMTIyMTUwLmpwZyIsInNsaWRlc2hvdyI6IjE5Zjg1NDAifQ%3D%3D\">\n\t\t\t\t\t<div class=\"e-gallery-image elementor-gallery-item__image\" data-thumbnail=\"https:\/\/zurich-shanghai2010.ch\/wp-content\/uploads\/2025\/10\/S-Prag_122150-300x225.jpg\" data-width=\"300\" data-height=\"225\" aria-label=\"\" role=\"img\" ><\/div>\n\t\t\t\t\t\t\t\t\t\t\t<div class=\"elementor-gallery-item__overlay\"><\/div>\n\t\t\t\t\t\t\t\t\t\t\t\t\t\t<\/a>\n\t\t\t\t\t\t\t<a class=\"e-gallery-item elementor-gallery-item elementor-animated-content\" href=\"https:\/\/zurich-shanghai2010.ch\/wp-content\/uploads\/2025\/10\/S-Prag_122244.jpg\" data-elementor-open-lightbox=\"yes\" data-elementor-lightbox-slideshow=\"19f8540\" data-elementor-lightbox-title=\"OLYMPUS DIGITAL CAMERA\" data-e-action-hash=\"#elementor-action%3Aaction%3Dlightbox%26settings%3DeyJpZCI6NTA4MywidXJsIjoiaHR0cHM6XC9cL3p1cmljaC1zaGFuZ2hhaTIwMTAuY2hcL3dwLWNvbnRlbnRcL3VwbG9hZHNcLzIwMjVcLzEwXC9TLVByYWdfMTIyMjQ0LmpwZyIsInNsaWRlc2hvdyI6IjE5Zjg1NDAifQ%3D%3D\">\n\t\t\t\t\t<div class=\"e-gallery-image elementor-gallery-item__image\" data-thumbnail=\"https:\/\/zurich-shanghai2010.ch\/wp-content\/uploads\/2025\/10\/S-Prag_122244-300x225.jpg\" data-width=\"300\" data-height=\"225\" aria-label=\"\" role=\"img\" ><\/div>\n\t\t\t\t\t\t\t\t\t\t\t<div class=\"elementor-gallery-item__overlay\"><\/div>\n\t\t\t\t\t\t\t\t\t\t\t\t\t\t<\/a>\n\t\t\t\t\t\t\t<a class=\"e-gallery-item elementor-gallery-item elementor-animated-content\" href=\"https:\/\/zurich-shanghai2010.ch\/wp-content\/uploads\/2025\/10\/S-Prag_122949.jpg\" data-elementor-open-lightbox=\"yes\" data-elementor-lightbox-slideshow=\"19f8540\" data-elementor-lightbox-title=\"OLYMPUS DIGITAL CAMERA\" data-e-action-hash=\"#elementor-action%3Aaction%3Dlightbox%26settings%3DeyJpZCI6NTA4MiwidXJsIjoiaHR0cHM6XC9cL3p1cmljaC1zaGFuZ2hhaTIwMTAuY2hcL3dwLWNvbnRlbnRcL3VwbG9hZHNcLzIwMjVcLzEwXC9TLVByYWdfMTIyOTQ5LmpwZyIsInNsaWRlc2hvdyI6IjE5Zjg1NDAifQ%3D%3D\">\n\t\t\t\t\t<div class=\"e-gallery-image elementor-gallery-item__image\" data-thumbnail=\"https:\/\/zurich-shanghai2010.ch\/wp-content\/uploads\/2025\/10\/S-Prag_122949-300x225.jpg\" data-width=\"300\" data-height=\"225\" aria-label=\"\" role=\"img\" ><\/div>\n\t\t\t\t\t\t\t\t\t\t\t<div class=\"elementor-gallery-item__overlay\"><\/div>\n\t\t\t\t\t\t\t\t\t\t\t\t\t\t<\/a>\n\t\t\t\t\t\t\t<a class=\"e-gallery-item elementor-gallery-item elementor-animated-content\" href=\"https:\/\/zurich-shanghai2010.ch\/wp-content\/uploads\/2025\/10\/S-Prag_124034.jpg\" data-elementor-open-lightbox=\"yes\" data-elementor-lightbox-slideshow=\"19f8540\" data-elementor-lightbox-title=\"OLYMPUS DIGITAL CAMERA\" data-e-action-hash=\"#elementor-action%3Aaction%3Dlightbox%26settings%3DeyJpZCI6NTA4MSwidXJsIjoiaHR0cHM6XC9cL3p1cmljaC1zaGFuZ2hhaTIwMTAuY2hcL3dwLWNvbnRlbnRcL3VwbG9hZHNcLzIwMjVcLzEwXC9TLVByYWdfMTI0MDM0LmpwZyIsInNsaWRlc2hvdyI6IjE5Zjg1NDAifQ%3D%3D\">\n\t\t\t\t\t<div class=\"e-gallery-image elementor-gallery-item__image\" data-thumbnail=\"https:\/\/zurich-shanghai2010.ch\/wp-content\/uploads\/2025\/10\/S-Prag_124034-300x225.jpg\" data-width=\"300\" data-height=\"225\" aria-label=\"\" role=\"img\" ><\/div>\n\t\t\t\t\t\t\t\t\t\t\t<div class=\"elementor-gallery-item__overlay\"><\/div>\n\t\t\t\t\t\t\t\t\t\t\t\t\t\t<\/a>\n\t\t\t\t\t\t\t<a class=\"e-gallery-item elementor-gallery-item elementor-animated-content\" href=\"https:\/\/zurich-shanghai2010.ch\/wp-content\/uploads\/2025\/10\/S-Prag_131037.jpg\" data-elementor-open-lightbox=\"yes\" data-elementor-lightbox-slideshow=\"19f8540\" data-elementor-lightbox-title=\"OLYMPUS DIGITAL CAMERA\" data-e-action-hash=\"#elementor-action%3Aaction%3Dlightbox%26settings%3DeyJpZCI6NTA4MCwidXJsIjoiaHR0cHM6XC9cL3p1cmljaC1zaGFuZ2hhaTIwMTAuY2hcL3dwLWNvbnRlbnRcL3VwbG9hZHNcLzIwMjVcLzEwXC9TLVByYWdfMTMxMDM3LmpwZyIsInNsaWRlc2hvdyI6IjE5Zjg1NDAifQ%3D%3D\">\n\t\t\t\t\t<div class=\"e-gallery-image elementor-gallery-item__image\" data-thumbnail=\"https:\/\/zurich-shanghai2010.ch\/wp-content\/uploads\/2025\/10\/S-Prag_131037-225x300.jpg\" data-width=\"225\" data-height=\"300\" aria-label=\"\" role=\"img\" ><\/div>\n\t\t\t\t\t\t\t\t\t\t\t<div class=\"elementor-gallery-item__overlay\"><\/div>\n\t\t\t\t\t\t\t\t\t\t\t\t\t\t<\/a>\n\t\t\t\t\t\t\t<a class=\"e-gallery-item elementor-gallery-item elementor-animated-content\" href=\"https:\/\/zurich-shanghai2010.ch\/wp-content\/uploads\/2025\/10\/S-Prag_131054.jpg\" data-elementor-open-lightbox=\"yes\" data-elementor-lightbox-slideshow=\"19f8540\" data-elementor-lightbox-title=\"OLYMPUS DIGITAL CAMERA\" data-e-action-hash=\"#elementor-action%3Aaction%3Dlightbox%26settings%3DeyJpZCI6NTA3OSwidXJsIjoiaHR0cHM6XC9cL3p1cmljaC1zaGFuZ2hhaTIwMTAuY2hcL3dwLWNvbnRlbnRcL3VwbG9hZHNcLzIwMjVcLzEwXC9TLVByYWdfMTMxMDU0LmpwZyIsInNsaWRlc2hvdyI6IjE5Zjg1NDAifQ%3D%3D\">\n\t\t\t\t\t<div class=\"e-gallery-image elementor-gallery-item__image\" data-thumbnail=\"https:\/\/zurich-shanghai2010.ch\/wp-content\/uploads\/2025\/10\/S-Prag_131054-300x225.jpg\" data-width=\"300\" data-height=\"225\" aria-label=\"\" role=\"img\" ><\/div>\n\t\t\t\t\t\t\t\t\t\t\t<div class=\"elementor-gallery-item__overlay\"><\/div>\n\t\t\t\t\t\t\t\t\t\t\t\t\t\t<\/a>\n\t\t\t\t\t\t\t<a class=\"e-gallery-item elementor-gallery-item elementor-animated-content\" href=\"https:\/\/zurich-shanghai2010.ch\/wp-content\/uploads\/2025\/10\/S-Prag_142901-scaled.jpg\" data-elementor-open-lightbox=\"yes\" data-elementor-lightbox-slideshow=\"19f8540\" data-elementor-lightbox-title=\"S-Prag_142901\" data-e-action-hash=\"#elementor-action%3Aaction%3Dlightbox%26settings%3DeyJpZCI6NTA3OCwidXJsIjoiaHR0cHM6XC9cL3p1cmljaC1zaGFuZ2hhaTIwMTAuY2hcL3dwLWNvbnRlbnRcL3VwbG9hZHNcLzIwMjVcLzEwXC9TLVByYWdfMTQyOTAxLXNjYWxlZC5qcGciLCJzbGlkZXNob3ciOiIxOWY4NTQwIn0%3D\">\n\t\t\t\t\t<div class=\"e-gallery-image elementor-gallery-item__image\" data-thumbnail=\"https:\/\/zurich-shanghai2010.ch\/wp-content\/uploads\/2025\/10\/S-Prag_142901-300x225.jpg\" data-width=\"300\" data-height=\"225\" aria-label=\"\" role=\"img\" ><\/div>\n\t\t\t\t\t\t\t\t\t\t\t<div class=\"elementor-gallery-item__overlay\"><\/div>\n\t\t\t\t\t\t\t\t\t\t\t\t\t\t<\/a>\n\t\t\t\t\t\t\t<a class=\"e-gallery-item elementor-gallery-item elementor-animated-content\" href=\"https:\/\/zurich-shanghai2010.ch\/wp-content\/uploads\/2025\/10\/S-Prag_143227.jpg\" data-elementor-open-lightbox=\"yes\" data-elementor-lightbox-slideshow=\"19f8540\" data-elementor-lightbox-title=\"OLYMPUS DIGITAL CAMERA\" data-e-action-hash=\"#elementor-action%3Aaction%3Dlightbox%26settings%3DeyJpZCI6NTA3NywidXJsIjoiaHR0cHM6XC9cL3p1cmljaC1zaGFuZ2hhaTIwMTAuY2hcL3dwLWNvbnRlbnRcL3VwbG9hZHNcLzIwMjVcLzEwXC9TLVByYWdfMTQzMjI3LmpwZyIsInNsaWRlc2hvdyI6IjE5Zjg1NDAifQ%3D%3D\">\n\t\t\t\t\t<div class=\"e-gallery-image elementor-gallery-item__image\" data-thumbnail=\"https:\/\/zurich-shanghai2010.ch\/wp-content\/uploads\/2025\/10\/S-Prag_143227-300x225.jpg\" data-width=\"300\" data-height=\"225\" aria-label=\"\" role=\"img\" ><\/div>\n\t\t\t\t\t\t\t\t\t\t\t<div class=\"elementor-gallery-item__overlay\"><\/div>\n\t\t\t\t\t\t\t\t\t\t\t\t\t\t<\/a>\n\t\t\t\t\t\t\t<a class=\"e-gallery-item elementor-gallery-item elementor-animated-content\" href=\"https:\/\/zurich-shanghai2010.ch\/wp-content\/uploads\/2025\/10\/S-Prag_143811.jpg\" data-elementor-open-lightbox=\"yes\" data-elementor-lightbox-slideshow=\"19f8540\" data-elementor-lightbox-title=\"OLYMPUS DIGITAL CAMERA\" data-e-action-hash=\"#elementor-action%3Aaction%3Dlightbox%26settings%3DeyJpZCI6NTA3NiwidXJsIjoiaHR0cHM6XC9cL3p1cmljaC1zaGFuZ2hhaTIwMTAuY2hcL3dwLWNvbnRlbnRcL3VwbG9hZHNcLzIwMjVcLzEwXC9TLVByYWdfMTQzODExLmpwZyIsInNsaWRlc2hvdyI6IjE5Zjg1NDAifQ%3D%3D\">\n\t\t\t\t\t<div class=\"e-gallery-image elementor-gallery-item__image\" data-thumbnail=\"https:\/\/zurich-shanghai2010.ch\/wp-content\/uploads\/2025\/10\/S-Prag_143811-300x225.jpg\" data-width=\"300\" data-height=\"225\" aria-label=\"\" role=\"img\" ><\/div>\n\t\t\t\t\t\t\t\t\t\t\t<div class=\"elementor-gallery-item__overlay\"><\/div>\n\t\t\t\t\t\t\t\t\t\t\t\t\t\t<\/a>\n\t\t\t\t\t\t\t<a class=\"e-gallery-item elementor-gallery-item elementor-animated-content\" href=\"https:\/\/zurich-shanghai2010.ch\/wp-content\/uploads\/2025\/10\/S-Prag_215139-scaled.jpg\" data-elementor-open-lightbox=\"yes\" data-elementor-lightbox-slideshow=\"19f8540\" data-elementor-lightbox-title=\"S-Prag_215139\" data-e-action-hash=\"#elementor-action%3Aaction%3Dlightbox%26settings%3DeyJpZCI6NTA3NCwidXJsIjoiaHR0cHM6XC9cL3p1cmljaC1zaGFuZ2hhaTIwMTAuY2hcL3dwLWNvbnRlbnRcL3VwbG9hZHNcLzIwMjVcLzEwXC9TLVByYWdfMjE1MTM5LXNjYWxlZC5qcGciLCJzbGlkZXNob3ciOiIxOWY4NTQwIn0%3D\">\n\t\t\t\t\t<div class=\"e-gallery-image elementor-gallery-item__image\" data-thumbnail=\"https:\/\/zurich-shanghai2010.ch\/wp-content\/uploads\/2025\/10\/S-Prag_215139-300x225.jpg\" data-width=\"300\" data-height=\"225\" aria-label=\"\" role=\"img\" ><\/div>\n\t\t\t\t\t\t\t\t\t\t\t<div class=\"elementor-gallery-item__overlay\"><\/div>\n\t\t\t\t\t\t\t\t\t\t\t\t\t\t<\/a>\n\t\t\t\t\t\t\t<a class=\"e-gallery-item elementor-gallery-item elementor-animated-content\" href=\"https:\/\/zurich-shanghai2010.ch\/wp-content\/uploads\/2025\/10\/S-Prag_215235-scaled.jpg\" data-elementor-open-lightbox=\"yes\" data-elementor-lightbox-slideshow=\"19f8540\" data-elementor-lightbox-title=\"S-Prag_215235\" data-e-action-hash=\"#elementor-action%3Aaction%3Dlightbox%26settings%3DeyJpZCI6NTA3MywidXJsIjoiaHR0cHM6XC9cL3p1cmljaC1zaGFuZ2hhaTIwMTAuY2hcL3dwLWNvbnRlbnRcL3VwbG9hZHNcLzIwMjVcLzEwXC9TLVByYWdfMjE1MjM1LXNjYWxlZC5qcGciLCJzbGlkZXNob3ciOiIxOWY4NTQwIn0%3D\">\n\t\t\t\t\t<div class=\"e-gallery-image elementor-gallery-item__image\" data-thumbnail=\"https:\/\/zurich-shanghai2010.ch\/wp-content\/uploads\/2025\/10\/S-Prag_215235-225x300.jpg\" data-width=\"225\" data-height=\"300\" aria-label=\"\" role=\"img\" ><\/div>\n\t\t\t\t\t\t\t\t\t\t\t<div class=\"elementor-gallery-item__overlay\"><\/div>\n\t\t\t\t\t\t\t\t\t\t\t\t\t\t<\/a>\n\t\t\t\t\t\t\t<a class=\"e-gallery-item elementor-gallery-item elementor-animated-content\" href=\"https:\/\/zurich-shanghai2010.ch\/wp-content\/uploads\/2025\/10\/S-Prag_211247-scaled.jpg\" data-elementor-open-lightbox=\"yes\" data-elementor-lightbox-slideshow=\"19f8540\" data-elementor-lightbox-title=\"S-Prag_211247\" data-e-action-hash=\"#elementor-action%3Aaction%3Dlightbox%26settings%3DeyJpZCI6NTA3NSwidXJsIjoiaHR0cHM6XC9cL3p1cmljaC1zaGFuZ2hhaTIwMTAuY2hcL3dwLWNvbnRlbnRcL3VwbG9hZHNcLzIwMjVcLzEwXC9TLVByYWdfMjExMjQ3LXNjYWxlZC5qcGciLCJzbGlkZXNob3ciOiIxOWY4NTQwIn0%3D\">\n\t\t\t\t\t<div class=\"e-gallery-image elementor-gallery-item__image\" data-thumbnail=\"https:\/\/zurich-shanghai2010.ch\/wp-content\/uploads\/2025\/10\/S-Prag_211247-225x300.jpg\" data-width=\"225\" data-height=\"300\" aria-label=\"\" role=\"img\" ><\/div>\n\t\t\t\t\t\t\t\t\t\t\t<div class=\"elementor-gallery-item__overlay\"><\/div>\n\t\t\t\t\t\t\t\t\t\t\t\t\t\t<\/a>\n\t\t\t\t\t\t\t<a class=\"e-gallery-item elementor-gallery-item elementor-animated-content\" href=\"https:\/\/zurich-shanghai2010.ch\/wp-content\/uploads\/2025\/10\/S-Prag_221520-scaled.jpg\" data-elementor-open-lightbox=\"yes\" data-elementor-lightbox-slideshow=\"19f8540\" data-elementor-lightbox-title=\"S-Prag_221520\" data-e-action-hash=\"#elementor-action%3Aaction%3Dlightbox%26settings%3DeyJpZCI6NTA3MiwidXJsIjoiaHR0cHM6XC9cL3p1cmljaC1zaGFuZ2hhaTIwMTAuY2hcL3dwLWNvbnRlbnRcL3VwbG9hZHNcLzIwMjVcLzEwXC9TLVByYWdfMjIxNTIwLXNjYWxlZC5qcGciLCJzbGlkZXNob3ciOiIxOWY4NTQwIn0%3D\">\n\t\t\t\t\t<div class=\"e-gallery-image elementor-gallery-item__image\" data-thumbnail=\"https:\/\/zurich-shanghai2010.ch\/wp-content\/uploads\/2025\/10\/S-Prag_221520-300x225.jpg\" data-width=\"300\" data-height=\"225\" aria-label=\"\" role=\"img\" ><\/div>\n\t\t\t\t\t\t\t\t\t\t\t<div class=\"elementor-gallery-item__overlay\"><\/div>\n\t\t\t\t\t\t\t\t\t\t\t\t\t\t<\/a>\n\t\t\t\t\t\t\t<a class=\"e-gallery-item elementor-gallery-item elementor-animated-content\" href=\"https:\/\/zurich-shanghai2010.ch\/wp-content\/uploads\/2025\/10\/S-Prag_224338-scaled.jpg\" data-elementor-open-lightbox=\"yes\" data-elementor-lightbox-slideshow=\"19f8540\" data-elementor-lightbox-title=\"S-Prag_224338\" data-e-action-hash=\"#elementor-action%3Aaction%3Dlightbox%26settings%3DeyJpZCI6NTA3MSwidXJsIjoiaHR0cHM6XC9cL3p1cmljaC1zaGFuZ2hhaTIwMTAuY2hcL3dwLWNvbnRlbnRcL3VwbG9hZHNcLzIwMjVcLzEwXC9TLVByYWdfMjI0MzM4LXNjYWxlZC5qcGciLCJzbGlkZXNob3ciOiIxOWY4NTQwIn0%3D\">\n\t\t\t\t\t<div class=\"e-gallery-image elementor-gallery-item__image\" data-thumbnail=\"https:\/\/zurich-shanghai2010.ch\/wp-content\/uploads\/2025\/10\/S-Prag_224338-300x225.jpg\" data-width=\"300\" data-height=\"225\" aria-label=\"\" role=\"img\" ><\/div>\n\t\t\t\t\t\t\t\t\t\t\t<div class=\"elementor-gallery-item__overlay\"><\/div>\n\t\t\t\t\t\t\t\t\t\t\t\t\t\t<\/a>\n\t\t\t\t\t<\/div>\n\t\t\t\t\t<\/div>\n\t\t\t\t<\/div>\n\t\t\t\t\t<\/div>\n\t\t<\/div>\n\t\t\t\t\t<\/div>\n\t\t<\/section>\n\t\t\t\t<\/div>\n\t\t","protected":false},"excerpt":{"rendered":"<p>Die goldene Stadt an der Moldau Eckdaten und touristische Highlights:Prag, die Hauptstadt der Tschechischen Republik, liegt malerisch an der Moldau und z\u00e4hlt mit rund 1,3 Millionen Einwohnern zu den kulturellen Zentren Europas. Die Stadt blickt auf eine \u00fcber tausendj\u00e4hrige Geschichte zur\u00fcck und erlebte ihre Bl\u00fctezeit im 14. Jahrhundert unter Kaiser Karl IV., als sie Hauptstadt &hellip; <\/p>\n<p class=\"link-more\"><a href=\"https:\/\/zurich-shanghai2010.ch\/?page_id=4372\" class=\"more-link\">Mehr <span class=\"screen-reader-text\">\u00fcber &#8222;Prag&#8220; <\/span>Lesen<\/a><\/p>\n","protected":false},"author":1,"featured_media":0,"parent":0,"menu_order":0,"comment_status":"closed","ping_status":"closed","template":"","meta":{"footnotes":""},"class_list":["post-4372","page","type-page","status-publish","hentry"],"_links":{"self":[{"href":"https:\/\/zurich-shanghai2010.ch\/index.php?rest_route=\/wp\/v2\/pages\/4372","targetHints":{"allow":["GET"]}}],"collection":[{"href":"https:\/\/zurich-shanghai2010.ch\/index.php?rest_route=\/wp\/v2\/pages"}],"about":[{"href":"https:\/\/zurich-shanghai2010.ch\/index.php?rest_route=\/wp\/v2\/types\/page"}],"author":[{"embeddable":true,"href":"https:\/\/zurich-shanghai2010.ch\/index.php?rest_route=\/wp\/v2\/users\/1"}],"replies":[{"embeddable":true,"href":"https:\/\/zurich-shanghai2010.ch\/index.php?rest_route=%2Fwp%2Fv2%2Fcomments&post=4372"}],"version-history":[{"count":12,"href":"https:\/\/zurich-shanghai2010.ch\/index.php?rest_route=\/wp\/v2\/pages\/4372\/revisions"}],"predecessor-version":[{"id":5211,"href":"https:\/\/zurich-shanghai2010.ch\/index.php?rest_route=\/wp\/v2\/pages\/4372\/revisions\/5211"}],"wp:attachment":[{"href":"https:\/\/zurich-shanghai2010.ch\/index.php?rest_route=%2Fwp%2Fv2%2Fmedia&parent=4372"}],"curies":[{"name":"wp","href":"https:\/\/api.w.org\/{rel}","templated":true}]}}