{"id":312,"date":"2021-12-07T13:49:41","date_gmt":"2021-12-07T13:49:41","guid":{"rendered":"https:\/\/zurich-shanghai2010.ch\/wp\/?page_id=312"},"modified":"2025-10-13T22:07:20","modified_gmt":"2025-10-13T22:07:20","slug":"home-2","status":"publish","type":"page","link":"https:\/\/zurich-shanghai2010.ch\/","title":{"rendered":"Z\u00fcrich-Shanghai 2010"},"content":{"rendered":"\t\t<div data-elementor-type=\"wp-page\" data-elementor-id=\"312\" class=\"elementor elementor-312\" data-elementor-post-type=\"page\">\n\t\t\t\t\t\t<section class=\"elementor-section elementor-top-section elementor-element elementor-element-017cab9 elementor-section-boxed elementor-section-height-default elementor-section-height-default\" data-id=\"017cab9\" data-element_type=\"section\">\n\t\t\t\t\t\t<div class=\"elementor-container elementor-column-gap-default\">\n\t\t\t\t\t<div class=\"elementor-column elementor-col-100 elementor-top-column elementor-element elementor-element-e6becee\" data-id=\"e6becee\" data-element_type=\"column\">\n\t\t\t<div class=\"elementor-widget-wrap elementor-element-populated\">\n\t\t\t\t\t\t<div class=\"elementor-element elementor-element-e4fd1dc elementor-widget elementor-widget-text-editor\" data-id=\"e4fd1dc\" data-element_type=\"widget\" data-widget_type=\"text-editor.default\">\n\t\t\t\t<div class=\"elementor-widget-container\">\n\t\t\t\t\t\t\t\t\t<p><strong>Ein Bubentraum<br \/><\/strong>Alles begann im Januar 2006. Matthias erz\u00e4hlte Beat von seinem Bubentraum: mit dem Velo von Z\u00fcrich nach Moskau zu fahren. Als Jugendlicher hatte er eine Reportage \u00fcber zwei Z\u00fcrcher Oberl\u00e4nder gelesen, die dieses Abenteuer noch zu Zeiten vor dem Fall der Mauer gewagt hatten.<br \/>Beat muss man f\u00fcr solche abenteuerlichen Challenges nicht zweimal begeistern. Feuer und Flamme f\u00fcr die Idee, wurde das Projekt <strong>\u201eParadeplatz \u2013 Roter Platz\u201c<\/strong> ins Leben gerufen \u2013 und die Planung begann.<br \/>Als Beat beim Skifahren seinem Freund Graziano von dem Vorhaben erz\u00e4hlte, war dieser zun\u00e4chst skeptisch, dann aber fasziniert von der k\u00fchnen Idee.<\/p><p><strong>Sportliche Challenge f\u00fcr einen guten Zweck<br \/><\/strong>Die Planung nahm Fahrt auf. Das ehrgeizige Ziel: In <strong>14 Biketagen <\/strong>mit durchschnittlich<strong> 200 Kilometern pro Tag <\/strong>und drei Ruhetagen Moskau erreichen.<br \/>Neben der sportlichen Herausforderung wollten wir auch etwas f\u00fcr einen guten Zweck tun. So entstand eine <strong>Spendenaktion zugunsten von SOS-Kinderdorf<\/strong>. Auf der eigens f\u00fcr das Projekt erstellten Webseite konnten Unterst\u00fctzer pro gefahrenen Kilometer spenden.<br \/>Um das ambitionierte Ziel zu schaffen, wurde diszipliniert trainiert \u2013 meist rund um den Z\u00fcrichsee. Als Hauptprobe fuhren wir an einem Tag dreimal um den See, was ungef\u00e4hr einer typischen Tagesetappe entsprach.<br \/>Im <strong>August 2006<\/strong> war es dann soweit: Die <strong>2\u2019700 Kilometer <\/strong>vom <strong>Z\u00fcrcher Paradeplatz <\/strong>bis zum <strong>Roten Platz in Moskau<\/strong> wurden wie geplant zur\u00fcckgelegt \u2013 und dabei <strong>35\u2019000 CHF f\u00fcr das SOS-Kinderdorf in Pushkin<\/strong> gesammelt.<br \/>Mit unz\u00e4hligen Erlebnissen, \u00fcberw\u00e4ltigendem positivem Feedback und dem Gef\u00fchl, so etwas wieder tun zu wollen, kehrten wir Ende August nach Z\u00fcrich zur\u00fcck.<\/p><p><strong>Weiterbildung in Shanghai<br \/><\/strong>Im Jahr 2007 war Beat im Rahmen einer Weiterbildung der <strong>HSG<\/strong> in <strong>Shanghai<\/strong>. Dort erfuhr er, dass 2010 die <strong>Weltausstellung \u201eExpo 2010\u201c<\/strong> in Shanghai stattfinden w\u00fcrde.<br \/>Beeindruckt von den Eindr\u00fccken, der Dynamik und dem rasanten Wachstum der Metropole stand f\u00fcr ihn fest: Zur\u00fcckkehren zur <strong>Expo 2010 \u2013 <\/strong>das wird das<strong> n\u00e4chste Ziel.<\/strong><\/p><p><strong>Expo 2010 \u2013 Shanghai<br \/><\/strong>Zur\u00fcck in der Schweiz erz\u00e4hlte Beat seinen Kollegen von seiner neuen Idee:<br \/><strong>\u201eZ\u00fcrich \u2013 Shanghai 2010\u201c<\/strong> \u2013 in drei weiteren Etappen von Moskau bis nach Shanghai, p\u00fcnktlich zur Weltausstellung.<br \/>Zun\u00e4chst hielten ihn seine Freunde f\u00fcr verr\u00fcckt. Doch die vielen positiven Erinnerungen aus dem Projekt <em>Paradeplatz \u2013 Roter Platz<\/em> und der gemeinsame Wunsch nach einem Folgeabenteuer \u00fcberwogen.<br \/>So wurde das <strong>Folgeprojekt \u201eZ\u00fcrich \u2013 Shanghai 2010\u201c<\/strong> geboren \u2013 und die Planung begann erneut.<\/p>\t\t\t\t\t\t\t\t<\/div>\n\t\t\t\t<\/div>\n\t\t\t\t\t<\/div>\n\t\t<\/div>\n\t\t\t\t\t<\/div>\n\t\t<\/section>\n\t\t\t\t<section class=\"elementor-section elementor-top-section elementor-element elementor-element-4660bc0 elementor-section-boxed elementor-section-height-default elementor-section-height-default\" data-id=\"4660bc0\" data-element_type=\"section\">\n\t\t\t\t\t\t<div class=\"elementor-container elementor-column-gap-default\">\n\t\t\t\t\t<div class=\"elementor-column elementor-col-25 elementor-top-column elementor-element elementor-element-728d17d\" data-id=\"728d17d\" data-element_type=\"column\">\n\t\t\t<div class=\"elementor-widget-wrap elementor-element-populated\">\n\t\t\t\t\t\t<div class=\"elementor-element elementor-element-8775f0d elementor-widget elementor-widget-image\" data-id=\"8775f0d\" data-element_type=\"widget\" data-widget_type=\"image.default\">\n\t\t\t\t<div class=\"elementor-widget-container\">\n\t\t\t\t\t\t\t\t\t\t\t\t\t\t\t<img fetchpriority=\"high\" decoding=\"async\" width=\"1024\" height=\"768\" src=\"https:\/\/zurich-shanghai2010.ch\/wp-content\/uploads\/2025\/06\/Block-D-94-1024x768.jpg\" class=\"attachment-large size-large wp-image-504\" alt=\"\" srcset=\"https:\/\/zurich-shanghai2010.ch\/wp-content\/uploads\/2025\/06\/Block-D-94-1024x768.jpg 1024w, https:\/\/zurich-shanghai2010.ch\/wp-content\/uploads\/2025\/06\/Block-D-94-300x225.jpg 300w, https:\/\/zurich-shanghai2010.ch\/wp-content\/uploads\/2025\/06\/Block-D-94-2000x1500.jpg 2000w, https:\/\/zurich-shanghai2010.ch\/wp-content\/uploads\/2025\/06\/Block-D-94-1536x1152.jpg 1536w, https:\/\/zurich-shanghai2010.ch\/wp-content\/uploads\/2025\/06\/Block-D-94-2048x1536.jpg 2048w\" sizes=\"100vw\" \/>\t\t\t\t\t\t\t\t\t\t\t\t\t\t\t<\/div>\n\t\t\t\t<\/div>\n\t\t\t\t<div class=\"elementor-element elementor-element-528f944 elementor-button-info elementor-align-center elementor-widget elementor-widget-button\" data-id=\"528f944\" data-element_type=\"widget\" data-widget_type=\"button.default\">\n\t\t\t\t<div class=\"elementor-widget-container\">\n\t\t\t\t\t\t\t\t\t<div class=\"elementor-button-wrapper\">\n\t\t\t\t\t<a class=\"elementor-button elementor-button-link elementor-size-sm\" href=\"https:\/\/zurich-shanghai2010.ch\/wp\/?page_id=450\">\n\t\t\t\t\t\t<span class=\"elementor-button-content-wrapper\">\n\t\t\t\t\t\t\t\t\t<span class=\"elementor-button-text\">Z\u00fcrich - Moskau<\/span>\n\t\t\t\t\t<\/span>\n\t\t\t\t\t<\/a>\n\t\t\t\t<\/div>\n\t\t\t\t\t\t\t\t<\/div>\n\t\t\t\t<\/div>\n\t\t\t\t<div class=\"elementor-element elementor-element-4d1a239 elementor-widget elementor-widget-text-editor\" data-id=\"4d1a239\" data-element_type=\"widget\" data-widget_type=\"text-editor.default\">\n\t\t\t\t<div class=\"elementor-widget-container\">\n\t\t\t\t\t\t\t\t\t<p><strong>2006<\/strong><\/p>\t\t\t\t\t\t\t\t<\/div>\n\t\t\t\t<\/div>\n\t\t\t\t\t<\/div>\n\t\t<\/div>\n\t\t\t\t<div class=\"elementor-column elementor-col-25 elementor-top-column elementor-element elementor-element-0053503\" data-id=\"0053503\" data-element_type=\"column\">\n\t\t\t<div class=\"elementor-widget-wrap elementor-element-populated\">\n\t\t\t\t\t\t<div class=\"elementor-element elementor-element-745571e elementor-widget elementor-widget-image\" data-id=\"745571e\" data-element_type=\"widget\" data-widget_type=\"image.default\">\n\t\t\t\t<div class=\"elementor-widget-container\">\n\t\t\t\t\t\t\t\t\t\t\t\t\t\t\t<img decoding=\"async\" width=\"1024\" height=\"768\" src=\"https:\/\/zurich-shanghai2010.ch\/wp-content\/uploads\/2025\/06\/20080729-011-1024x768.jpg\" class=\"attachment-large size-large wp-image-505\" alt=\"\" srcset=\"https:\/\/zurich-shanghai2010.ch\/wp-content\/uploads\/2025\/06\/20080729-011-1024x768.jpg 1024w, https:\/\/zurich-shanghai2010.ch\/wp-content\/uploads\/2025\/06\/20080729-011-300x225.jpg 300w, https:\/\/zurich-shanghai2010.ch\/wp-content\/uploads\/2025\/06\/20080729-011-2000x1500.jpg 2000w, https:\/\/zurich-shanghai2010.ch\/wp-content\/uploads\/2025\/06\/20080729-011-1536x1152.jpg 1536w, https:\/\/zurich-shanghai2010.ch\/wp-content\/uploads\/2025\/06\/20080729-011.jpg 2048w\" sizes=\"100vw\" \/>\t\t\t\t\t\t\t\t\t\t\t\t\t\t\t<\/div>\n\t\t\t\t<\/div>\n\t\t\t\t<div class=\"elementor-element elementor-element-af008e2 elementor-button-info elementor-align-center elementor-widget elementor-widget-button\" data-id=\"af008e2\" data-element_type=\"widget\" data-widget_type=\"button.default\">\n\t\t\t\t<div class=\"elementor-widget-container\">\n\t\t\t\t\t\t\t\t\t<div class=\"elementor-button-wrapper\">\n\t\t\t\t\t<a class=\"elementor-button elementor-button-link elementor-size-sm\" href=\"https:\/\/zurich-shanghai2010.ch\/wp\/?page_id=760\">\n\t\t\t\t\t\t<span class=\"elementor-button-content-wrapper\">\n\t\t\t\t\t\t\t\t\t<span class=\"elementor-button-text\">Moskau - Novosibirsk<\/span>\n\t\t\t\t\t<\/span>\n\t\t\t\t\t<\/a>\n\t\t\t\t<\/div>\n\t\t\t\t\t\t\t\t<\/div>\n\t\t\t\t<\/div>\n\t\t\t\t<div class=\"elementor-element elementor-element-d422189 elementor-widget elementor-widget-text-editor\" data-id=\"d422189\" data-element_type=\"widget\" data-widget_type=\"text-editor.default\">\n\t\t\t\t<div class=\"elementor-widget-container\">\n\t\t\t\t\t\t\t\t\t<p><strong>2008<\/strong><\/p>\t\t\t\t\t\t\t\t<\/div>\n\t\t\t\t<\/div>\n\t\t\t\t\t<\/div>\n\t\t<\/div>\n\t\t\t\t<div class=\"elementor-column elementor-col-25 elementor-top-column elementor-element elementor-element-9b45e19\" data-id=\"9b45e19\" data-element_type=\"column\">\n\t\t\t<div class=\"elementor-widget-wrap elementor-element-populated\">\n\t\t\t\t\t\t<div class=\"elementor-element elementor-element-3a038b9 elementor-widget elementor-widget-image\" data-id=\"3a038b9\" data-element_type=\"widget\" data-widget_type=\"image.default\">\n\t\t\t\t<div class=\"elementor-widget-container\">\n\t\t\t\t\t\t\t\t\t\t\t\t\t\t\t<img decoding=\"async\" width=\"1024\" height=\"768\" src=\"https:\/\/zurich-shanghai2010.ch\/wp-content\/uploads\/2025\/06\/DSC01214a-1024x768.jpg\" class=\"attachment-large size-large wp-image-507\" alt=\"\" srcset=\"https:\/\/zurich-shanghai2010.ch\/wp-content\/uploads\/2025\/06\/DSC01214a-1024x768.jpg 1024w, https:\/\/zurich-shanghai2010.ch\/wp-content\/uploads\/2025\/06\/DSC01214a-300x225.jpg 300w, https:\/\/zurich-shanghai2010.ch\/wp-content\/uploads\/2025\/06\/DSC01214a-2000x1500.jpg 2000w, https:\/\/zurich-shanghai2010.ch\/wp-content\/uploads\/2025\/06\/DSC01214a-1536x1152.jpg 1536w, https:\/\/zurich-shanghai2010.ch\/wp-content\/uploads\/2025\/06\/DSC01214a.jpg 2048w\" sizes=\"100vw\" \/>\t\t\t\t\t\t\t\t\t\t\t\t\t\t\t<\/div>\n\t\t\t\t<\/div>\n\t\t\t\t<div class=\"elementor-element elementor-element-dc5c7f0 elementor-button-info elementor-align-center elementor-widget elementor-widget-button\" data-id=\"dc5c7f0\" data-element_type=\"widget\" data-widget_type=\"button.default\">\n\t\t\t\t<div class=\"elementor-widget-container\">\n\t\t\t\t\t\t\t\t\t<div class=\"elementor-button-wrapper\">\n\t\t\t\t\t<a class=\"elementor-button elementor-button-link elementor-size-sm\" href=\"https:\/\/zurich-shanghai2010.ch\/wp\/?page_id=793\">\n\t\t\t\t\t\t<span class=\"elementor-button-content-wrapper\">\n\t\t\t\t\t\t\t\t\t<span class=\"elementor-button-text\">Novosibirsk - Ulan Bator<\/span>\n\t\t\t\t\t<\/span>\n\t\t\t\t\t<\/a>\n\t\t\t\t<\/div>\n\t\t\t\t\t\t\t\t<\/div>\n\t\t\t\t<\/div>\n\t\t\t\t<div class=\"elementor-element elementor-element-86d7f3b elementor-widget elementor-widget-text-editor\" data-id=\"86d7f3b\" data-element_type=\"widget\" data-widget_type=\"text-editor.default\">\n\t\t\t\t<div class=\"elementor-widget-container\">\n\t\t\t\t\t\t\t\t\t<p><strong>2009<\/strong><\/p>\t\t\t\t\t\t\t\t<\/div>\n\t\t\t\t<\/div>\n\t\t\t\t\t<\/div>\n\t\t<\/div>\n\t\t\t\t<div class=\"elementor-column elementor-col-25 elementor-top-column elementor-element elementor-element-c22a1fa\" data-id=\"c22a1fa\" data-element_type=\"column\">\n\t\t\t<div class=\"elementor-widget-wrap elementor-element-populated\">\n\t\t\t\t\t\t<div class=\"elementor-element elementor-element-438cd82 elementor-widget elementor-widget-image\" data-id=\"438cd82\" data-element_type=\"widget\" data-widget_type=\"image.default\">\n\t\t\t\t<div class=\"elementor-widget-container\">\n\t\t\t\t\t\t\t\t\t\t\t\t\t\t\t<img loading=\"lazy\" decoding=\"async\" width=\"1024\" height=\"768\" src=\"https:\/\/zurich-shanghai2010.ch\/wp-content\/uploads\/2025\/06\/DSC02660-1024x768.jpg\" class=\"attachment-large size-large wp-image-509\" alt=\"\" srcset=\"https:\/\/zurich-shanghai2010.ch\/wp-content\/uploads\/2025\/06\/DSC02660-1024x768.jpg 1024w, https:\/\/zurich-shanghai2010.ch\/wp-content\/uploads\/2025\/06\/DSC02660-300x225.jpg 300w, https:\/\/zurich-shanghai2010.ch\/wp-content\/uploads\/2025\/06\/DSC02660-2000x1500.jpg 2000w, https:\/\/zurich-shanghai2010.ch\/wp-content\/uploads\/2025\/06\/DSC02660-1536x1152.jpg 1536w, https:\/\/zurich-shanghai2010.ch\/wp-content\/uploads\/2025\/06\/DSC02660.jpg 2048w\" sizes=\"100vw\" \/>\t\t\t\t\t\t\t\t\t\t\t\t\t\t\t<\/div>\n\t\t\t\t<\/div>\n\t\t\t\t<div class=\"elementor-element elementor-element-f6fe50e elementor-button-info elementor-align-center elementor-widget elementor-widget-button\" data-id=\"f6fe50e\" data-element_type=\"widget\" data-widget_type=\"button.default\">\n\t\t\t\t<div class=\"elementor-widget-container\">\n\t\t\t\t\t\t\t\t\t<div class=\"elementor-button-wrapper\">\n\t\t\t\t\t<a class=\"elementor-button elementor-button-link elementor-size-sm\" href=\"https:\/\/zurich-shanghai2010.ch\/wp\/?page_id=850\">\n\t\t\t\t\t\t<span class=\"elementor-button-content-wrapper\">\n\t\t\t\t\t\t\t\t\t<span class=\"elementor-button-text\">Ulan Bator - Shanghai<\/span>\n\t\t\t\t\t<\/span>\n\t\t\t\t\t<\/a>\n\t\t\t\t<\/div>\n\t\t\t\t\t\t\t\t<\/div>\n\t\t\t\t<\/div>\n\t\t\t\t<div class=\"elementor-element elementor-element-8eed2ec elementor-widget elementor-widget-text-editor\" data-id=\"8eed2ec\" data-element_type=\"widget\" data-widget_type=\"text-editor.default\">\n\t\t\t\t<div class=\"elementor-widget-container\">\n\t\t\t\t\t\t\t\t\t<p><strong>2010<\/strong><\/p>\t\t\t\t\t\t\t\t<\/div>\n\t\t\t\t<\/div>\n\t\t\t\t\t<\/div>\n\t\t<\/div>\n\t\t\t\t\t<\/div>\n\t\t<\/section>\n\t\t\t\t<\/div>\n\t\t","protected":false},"excerpt":{"rendered":"<p>Ein BubentraumAlles begann im Januar 2006. Matthias erz\u00e4hlte Beat von seinem Bubentraum: mit dem Velo von Z\u00fcrich nach Moskau zu fahren. Als Jugendlicher hatte er eine Reportage \u00fcber zwei Z\u00fcrcher Oberl\u00e4nder gelesen, die dieses Abenteuer noch zu Zeiten vor dem Fall der Mauer gewagt hatten.Beat muss man f\u00fcr solche abenteuerlichen Challenges nicht zweimal begeistern. Feuer &hellip; <\/p>\n<p class=\"link-more\"><a href=\"https:\/\/zurich-shanghai2010.ch\/\" class=\"more-link\">Mehr <span class=\"screen-reader-text\">\u00fcber &#8222;Z\u00fcrich-Shanghai 2010&#8220; <\/span>Lesen<\/a><\/p>\n","protected":false},"author":1,"featured_media":0,"parent":0,"menu_order":0,"comment_status":"closed","ping_status":"closed","template":"","meta":{"footnotes":""},"class_list":["post-312","page","type-page","status-publish","hentry"],"_links":{"self":[{"href":"https:\/\/zurich-shanghai2010.ch\/index.php?rest_route=\/wp\/v2\/pages\/312","targetHints":{"allow":["GET"]}}],"collection":[{"href":"https:\/\/zurich-shanghai2010.ch\/index.php?rest_route=\/wp\/v2\/pages"}],"about":[{"href":"https:\/\/zurich-shanghai2010.ch\/index.php?rest_route=\/wp\/v2\/types\/page"}],"author":[{"embeddable":true,"href":"https:\/\/zurich-shanghai2010.ch\/index.php?rest_route=\/wp\/v2\/users\/1"}],"replies":[{"embeddable":true,"href":"https:\/\/zurich-shanghai2010.ch\/index.php?rest_route=%2Fwp%2Fv2%2Fcomments&post=312"}],"version-history":[{"count":58,"href":"https:\/\/zurich-shanghai2010.ch\/index.php?rest_route=\/wp\/v2\/pages\/312\/revisions"}],"predecessor-version":[{"id":4911,"href":"https:\/\/zurich-shanghai2010.ch\/index.php?rest_route=\/wp\/v2\/pages\/312\/revisions\/4911"}],"wp:attachment":[{"href":"https:\/\/zurich-shanghai2010.ch\/index.php?rest_route=%2Fwp%2Fv2%2Fmedia&parent=312"}],"curies":[{"name":"wp","href":"https:\/\/api.w.org\/{rel}","templated":true}]}}